{"id":3918,"date":"2026-02-28T11:19:37","date_gmt":"2026-02-28T10:19:37","guid":{"rendered":"http:\/\/198.46.190.232\/mypara\/?product=uriage-gel-surgras-dermatologique-500ml"},"modified":"2026-02-28T11:19:37","modified_gmt":"2026-02-28T10:19:37","slug":"uriage-gel-surgras-dermatologique-500ml","status":"publish","type":"product","link":"http:\/\/www.yespara.tn\/?product=uriage-gel-surgras-dermatologique-500ml","title":{"rendered":"uriage gel surgras dermatologique 500ml"},"content":{"rendered":"","protected":false},"excerpt":{"rendered":"<p>class=\u00a0\u00bbyoast-text-mark\u00a0\u00bb>class=\u00a0\u00bbyoast-text-mark\u00a0\u00bb>class=\u00a0\u00bbproduct-description\u00a0\u00bb> id=\u00a0\u00bbproduct-description-short-958\u2033 class=\u00a0\u00bbproduct-description\u00a0\u00bb> =\u00a0\u00bbproduct-description-short-5094\u2033 class=\u00a0\u00bbproduct-description\u00a0\u00bb&gt;-1Uriage Gel Surgras Dermatologique 500 ml est un gel \u00e0 la base lavante douce, sans savon, qui \u00e9limine les impuret\u00e9s de la peau sans agresser.<\/p>\n","protected":false},"featured_media":3917,"comment_status":"open","ping_status":"closed","template":"","meta":[],"product_brand":[],"product_cat":[2128,3005],"product_tag":[],"class_list":{"0":"post-3918","1":"product","2":"type-product","3":"status-publish","4":"has-post-thumbnail","6":"product_cat-demaquillants","7":"product_cat-uriage-soins-visage-gels-nettoyants","9":"first","10":"instock","11":"taxable","12":"shipping-taxable","13":"product-type-simple"},"_links":{"self":[{"href":"http:\/\/www.yespara.tn\/index.php?rest_route=\/wp\/v2\/product\/3918","targetHints":{"allow":["GET"]}}],"collection":[{"href":"http:\/\/www.yespara.tn\/index.php?rest_route=\/wp\/v2\/product"}],"about":[{"href":"http:\/\/www.yespara.tn\/index.php?rest_route=\/wp\/v2\/types\/product"}],"replies":[{"embeddable":true,"href":"http:\/\/www.yespara.tn\/index.php?rest_route=%2Fwp%2Fv2%2Fcomments&post=3918"}],"wp:featuredmedia":[{"embeddable":true,"href":"http:\/\/www.yespara.tn\/index.php?rest_route=\/wp\/v2\/media\/3917"}],"wp:attachment":[{"href":"http:\/\/www.yespara.tn\/index.php?rest_route=%2Fwp%2Fv2%2Fmedia&parent=3918"}],"wp:term":[{"taxonomy":"product_brand","embeddable":true,"href":"http:\/\/www.yespara.tn\/index.php?rest_route=%2Fwp%2Fv2%2Fproduct_brand&post=3918"},{"taxonomy":"product_cat","embeddable":true,"href":"http:\/\/www.yespara.tn\/index.php?rest_route=%2Fwp%2Fv2%2Fproduct_cat&post=3918"},{"taxonomy":"product_tag","embeddable":true,"href":"http:\/\/www.yespara.tn\/index.php?rest_route=%2Fwp%2Fv2%2Fproduct_tag&post=3918"}],"curies":[{"name":"wp","href":"https:\/\/api.w.org\/{rel}","templated":true}]}}