{"id":3916,"date":"2026-02-28T11:19:35","date_gmt":"2026-02-28T10:19:35","guid":{"rendered":"http:\/\/198.46.190.232\/mypara\/?product=uriage-creme-deau-legere-spf20-40ml"},"modified":"2026-02-28T12:44:45","modified_gmt":"2026-02-28T11:44:45","slug":"uriage-creme-deau-legere-spf20-40ml","status":"publish","type":"product","link":"http:\/\/www.yespara.tn\/?product=uriage-creme-deau-legere-spf20-40ml","title":{"rendered":"uriage creme d\u2019eau legere spf20 40ml"},"content":{"rendered":"","protected":false},"excerpt":{"rendered":"<div id=\u00a0\u00bbproduct-description-short-3458\u2033 class=\u00a0\u00bbproduct-description\u00a0\u00bb> CR\u00c8ME D\u2019EAU L\u00c9G\u00c8RE SPF20, Cr\u00e8me hydratante et protectrice, Rafra\u00eechissante et vivifiante, cette cr\u00e8me l\u00e9g\u00e8re hydrate la peau et contient des actifs qui contribuent \u00e0 la pr\u00e9server des effets n\u00e9fastes de la pollution urbaine. Il la prot\u00e8ge \u00e9galement des UVA et UVB gr\u00e2ce \u00e0 un filtre SPF20.<\/p>\n","protected":false},"featured_media":3915,"comment_status":"open","ping_status":"closed","template":"","meta":[],"product_brand":[],"product_cat":[3027],"product_tag":[],"class_list":{"0":"post-3916","1":"product","2":"type-product","3":"status-publish","4":"has-post-thumbnail","6":"product_cat-uriage-soins-visage-gels-nettoyants-creme-peau-grasse","8":"first","9":"instock","10":"sale","11":"taxable","12":"shipping-taxable","13":"purchasable","14":"product-type-simple"},"_links":{"self":[{"href":"http:\/\/www.yespara.tn\/index.php?rest_route=\/wp\/v2\/product\/3916","targetHints":{"allow":["GET"]}}],"collection":[{"href":"http:\/\/www.yespara.tn\/index.php?rest_route=\/wp\/v2\/product"}],"about":[{"href":"http:\/\/www.yespara.tn\/index.php?rest_route=\/wp\/v2\/types\/product"}],"replies":[{"embeddable":true,"href":"http:\/\/www.yespara.tn\/index.php?rest_route=%2Fwp%2Fv2%2Fcomments&post=3916"}],"wp:featuredmedia":[{"embeddable":true,"href":"http:\/\/www.yespara.tn\/index.php?rest_route=\/wp\/v2\/media\/3915"}],"wp:attachment":[{"href":"http:\/\/www.yespara.tn\/index.php?rest_route=%2Fwp%2Fv2%2Fmedia&parent=3916"}],"wp:term":[{"taxonomy":"product_brand","embeddable":true,"href":"http:\/\/www.yespara.tn\/index.php?rest_route=%2Fwp%2Fv2%2Fproduct_brand&post=3916"},{"taxonomy":"product_cat","embeddable":true,"href":"http:\/\/www.yespara.tn\/index.php?rest_route=%2Fwp%2Fv2%2Fproduct_cat&post=3916"},{"taxonomy":"product_tag","embeddable":true,"href":"http:\/\/www.yespara.tn\/index.php?rest_route=%2Fwp%2Fv2%2Fproduct_tag&post=3916"}],"curies":[{"name":"wp","href":"https:\/\/api.w.org\/{rel}","templated":true}]}}