{"id":3914,"date":"2026-02-28T11:19:34","date_gmt":"2026-02-28T10:19:34","guid":{"rendered":"http:\/\/198.46.190.232\/mypara\/?product=uriage-creme-deau-legere-40ml"},"modified":"2026-02-28T11:19:34","modified_gmt":"2026-02-28T10:19:34","slug":"uriage-creme-deau-legere-40ml","status":"publish","type":"product","link":"http:\/\/www.yespara.tn\/?product=uriage-creme-deau-legere-40ml","title":{"rendered":"uriage creme d\u2019eau legere 40ml"},"content":{"rendered":"","protected":false},"excerpt":{"rendered":"<p>A la fois nourrissante et ultra-l\u00e9g\u00e8re, la Cr\u00e8me d\u2019Eau fond d\u00e9licieusement sur la peau et l\u2019infuse de son complexe hydratant unique. Vivifiante, non grasse, imm\u00e9diatement absorb\u00e9e, elle offre douceur et \u00e9clat aux peaux normales \u00e0 mixtes tout au long de la journ\u00e9e.<\/p>\n","protected":false},"featured_media":3913,"comment_status":"open","ping_status":"closed","template":"","meta":[],"product_brand":[],"product_cat":[3024],"product_tag":[],"class_list":{"0":"post-3914","1":"product","2":"type-product","3":"status-publish","4":"has-post-thumbnail","6":"product_cat-uriage-soins-visage-creme-peau-grasse","8":"first","9":"instock","10":"taxable","11":"shipping-taxable","12":"product-type-simple"},"_links":{"self":[{"href":"http:\/\/www.yespara.tn\/index.php?rest_route=\/wp\/v2\/product\/3914","targetHints":{"allow":["GET"]}}],"collection":[{"href":"http:\/\/www.yespara.tn\/index.php?rest_route=\/wp\/v2\/product"}],"about":[{"href":"http:\/\/www.yespara.tn\/index.php?rest_route=\/wp\/v2\/types\/product"}],"replies":[{"embeddable":true,"href":"http:\/\/www.yespara.tn\/index.php?rest_route=%2Fwp%2Fv2%2Fcomments&post=3914"}],"wp:featuredmedia":[{"embeddable":true,"href":"http:\/\/www.yespara.tn\/index.php?rest_route=\/wp\/v2\/media\/3913"}],"wp:attachment":[{"href":"http:\/\/www.yespara.tn\/index.php?rest_route=%2Fwp%2Fv2%2Fmedia&parent=3914"}],"wp:term":[{"taxonomy":"product_brand","embeddable":true,"href":"http:\/\/www.yespara.tn\/index.php?rest_route=%2Fwp%2Fv2%2Fproduct_brand&post=3914"},{"taxonomy":"product_cat","embeddable":true,"href":"http:\/\/www.yespara.tn\/index.php?rest_route=%2Fwp%2Fv2%2Fproduct_cat&post=3914"},{"taxonomy":"product_tag","embeddable":true,"href":"http:\/\/www.yespara.tn\/index.php?rest_route=%2Fwp%2Fv2%2Fproduct_tag&post=3914"}],"curies":[{"name":"wp","href":"https:\/\/api.w.org\/{rel}","templated":true}]}}