{"id":3910,"date":"2026-02-28T11:19:31","date_gmt":"2026-02-28T10:19:31","guid":{"rendered":"http:\/\/198.46.190.232\/mypara\/?product=uriage-soin-deau-contour-des-yeux-15ml"},"modified":"2026-02-28T11:19:31","modified_gmt":"2026-02-28T10:19:31","slug":"uriage-soin-deau-contour-des-yeux-15ml","status":"publish","type":"product","link":"http:\/\/www.yespara.tn\/?product=uriage-soin-deau-contour-des-yeux-15ml","title":{"rendered":"uriage soin d\u2019eau contour des yeux 15ml"},"content":{"rendered":"","protected":false},"excerpt":{"rendered":"<div id=\u00a0\u00bbproduct-description-short-3461\u2033 class=\u00a0\u00bbproduct-description\u00a0\u00bb> L\u2019effet d\u00e9froissant de ce Soin d\u2019Eau diminue l\u2019apparence des ridules de d\u00e9shydratation. L\u2019apparence des cernes est r\u00e9duite tout en conf\u00e9rant une sensation de fra\u00eecheur. Ce soin hydrate l\u2019\u00e9piderme d\u00e9licat du contour des yeux.<\/p>\n<\/div>\n<section class=\u00a0\u00bbproduct-discounts\u00a0\u00bb>\n","protected":false},"featured_media":3909,"comment_status":"open","ping_status":"closed","template":"","meta":[],"product_brand":[],"product_cat":[3010],"product_tag":[],"class_list":{"0":"post-3910","1":"product","2":"type-product","3":"status-publish","4":"has-post-thumbnail","6":"product_cat-uriage-yeux-et-levres-contour-des-yeux","8":"first","9":"instock","10":"taxable","11":"shipping-taxable","12":"product-type-simple"},"_links":{"self":[{"href":"http:\/\/www.yespara.tn\/index.php?rest_route=\/wp\/v2\/product\/3910","targetHints":{"allow":["GET"]}}],"collection":[{"href":"http:\/\/www.yespara.tn\/index.php?rest_route=\/wp\/v2\/product"}],"about":[{"href":"http:\/\/www.yespara.tn\/index.php?rest_route=\/wp\/v2\/types\/product"}],"replies":[{"embeddable":true,"href":"http:\/\/www.yespara.tn\/index.php?rest_route=%2Fwp%2Fv2%2Fcomments&post=3910"}],"wp:featuredmedia":[{"embeddable":true,"href":"http:\/\/www.yespara.tn\/index.php?rest_route=\/wp\/v2\/media\/3909"}],"wp:attachment":[{"href":"http:\/\/www.yespara.tn\/index.php?rest_route=%2Fwp%2Fv2%2Fmedia&parent=3910"}],"wp:term":[{"taxonomy":"product_brand","embeddable":true,"href":"http:\/\/www.yespara.tn\/index.php?rest_route=%2Fwp%2Fv2%2Fproduct_brand&post=3910"},{"taxonomy":"product_cat","embeddable":true,"href":"http:\/\/www.yespara.tn\/index.php?rest_route=%2Fwp%2Fv2%2Fproduct_cat&post=3910"},{"taxonomy":"product_tag","embeddable":true,"href":"http:\/\/www.yespara.tn\/index.php?rest_route=%2Fwp%2Fv2%2Fproduct_tag&post=3910"}],"curies":[{"name":"wp","href":"https:\/\/api.w.org\/{rel}","templated":true}]}}