{"id":3908,"date":"2026-02-28T11:19:30","date_gmt":"2026-02-28T10:19:30","guid":{"rendered":"http:\/\/198.46.190.232\/mypara\/?product=uriage-bariederm-cica-daily-serum-30ml"},"modified":"2026-02-28T11:19:30","modified_gmt":"2026-02-28T10:19:30","slug":"uriage-bariederm-cica-daily-serum-30ml","status":"publish","type":"product","link":"http:\/\/www.yespara.tn\/?product=uriage-bariederm-cica-daily-serum-30ml","title":{"rendered":"uriage bariederm cica daily serum 30ml"},"content":{"rendered":"","protected":false},"excerpt":{"rendered":"<p>Uriage Bari\u00e9derm Cica Daily S\u00e9rum 30 ml est un s\u00e9rum dermatologique haute tol\u00e9rance qui renforce, prot\u00e8ge et r\u00e9pare les peaux agress\u00e9es et fragilis\u00e9es quotidiennement.<\/p>\n","protected":false},"featured_media":3907,"comment_status":"open","ping_status":"closed","template":"","meta":[],"product_brand":[],"product_cat":[3020],"product_tag":[],"class_list":{"0":"post-3908","1":"product","2":"type-product","3":"status-publish","4":"has-post-thumbnail","6":"product_cat-uriage-soins-visage-soins-liftant-serums-anti-age","8":"first","9":"instock","10":"taxable","11":"shipping-taxable","12":"product-type-simple"},"_links":{"self":[{"href":"http:\/\/www.yespara.tn\/index.php?rest_route=\/wp\/v2\/product\/3908","targetHints":{"allow":["GET"]}}],"collection":[{"href":"http:\/\/www.yespara.tn\/index.php?rest_route=\/wp\/v2\/product"}],"about":[{"href":"http:\/\/www.yespara.tn\/index.php?rest_route=\/wp\/v2\/types\/product"}],"replies":[{"embeddable":true,"href":"http:\/\/www.yespara.tn\/index.php?rest_route=%2Fwp%2Fv2%2Fcomments&post=3908"}],"wp:featuredmedia":[{"embeddable":true,"href":"http:\/\/www.yespara.tn\/index.php?rest_route=\/wp\/v2\/media\/3907"}],"wp:attachment":[{"href":"http:\/\/www.yespara.tn\/index.php?rest_route=%2Fwp%2Fv2%2Fmedia&parent=3908"}],"wp:term":[{"taxonomy":"product_brand","embeddable":true,"href":"http:\/\/www.yespara.tn\/index.php?rest_route=%2Fwp%2Fv2%2Fproduct_brand&post=3908"},{"taxonomy":"product_cat","embeddable":true,"href":"http:\/\/www.yespara.tn\/index.php?rest_route=%2Fwp%2Fv2%2Fproduct_cat&post=3908"},{"taxonomy":"product_tag","embeddable":true,"href":"http:\/\/www.yespara.tn\/index.php?rest_route=%2Fwp%2Fv2%2Fproduct_tag&post=3908"}],"curies":[{"name":"wp","href":"https:\/\/api.w.org\/{rel}","templated":true}]}}