{"id":3900,"date":"2026-02-28T11:19:22","date_gmt":"2026-02-28T10:19:22","guid":{"rendered":"http:\/\/198.46.190.232\/mypara\/?product=uriage-bariederm-cica-levres15ml"},"modified":"2026-02-28T11:19:22","modified_gmt":"2026-02-28T10:19:22","slug":"uriage-bariederm-cica-levres15ml","status":"publish","type":"product","link":"http:\/\/www.yespara.tn\/?product=uriage-bariederm-cica-levres15ml","title":{"rendered":"URIAGE bariederm cica LEVRES15ml"},"content":{"rendered":"","protected":false},"excerpt":{"rendered":"<p>Ce baume r\u00e9parateur pour l\u00e8vres ab\u00eem\u00e9es et souffrant de s\u00e9cheresse extr\u00eame r\u00e9pare, apaise et pr\u00e9vient les agressions ext\u00e9rieures.<\/p>\n","protected":false},"featured_media":3899,"comment_status":"open","ping_status":"closed","template":"","meta":[],"product_brand":[],"product_cat":[3017],"product_tag":[],"class_list":{"0":"post-3900","1":"product","2":"type-product","3":"status-publish","4":"has-post-thumbnail","6":"product_cat-uriage-yeux-et-levres","8":"first","9":"instock","10":"taxable","11":"shipping-taxable","12":"product-type-simple"},"_links":{"self":[{"href":"http:\/\/www.yespara.tn\/index.php?rest_route=\/wp\/v2\/product\/3900","targetHints":{"allow":["GET"]}}],"collection":[{"href":"http:\/\/www.yespara.tn\/index.php?rest_route=\/wp\/v2\/product"}],"about":[{"href":"http:\/\/www.yespara.tn\/index.php?rest_route=\/wp\/v2\/types\/product"}],"replies":[{"embeddable":true,"href":"http:\/\/www.yespara.tn\/index.php?rest_route=%2Fwp%2Fv2%2Fcomments&post=3900"}],"wp:featuredmedia":[{"embeddable":true,"href":"http:\/\/www.yespara.tn\/index.php?rest_route=\/wp\/v2\/media\/3899"}],"wp:attachment":[{"href":"http:\/\/www.yespara.tn\/index.php?rest_route=%2Fwp%2Fv2%2Fmedia&parent=3900"}],"wp:term":[{"taxonomy":"product_brand","embeddable":true,"href":"http:\/\/www.yespara.tn\/index.php?rest_route=%2Fwp%2Fv2%2Fproduct_brand&post=3900"},{"taxonomy":"product_cat","embeddable":true,"href":"http:\/\/www.yespara.tn\/index.php?rest_route=%2Fwp%2Fv2%2Fproduct_cat&post=3900"},{"taxonomy":"product_tag","embeddable":true,"href":"http:\/\/www.yespara.tn\/index.php?rest_route=%2Fwp%2Fv2%2Fproduct_tag&post=3900"}],"curies":[{"name":"wp","href":"https:\/\/api.w.org\/{rel}","templated":true}]}}