{"id":3892,"date":"2026-02-28T11:19:16","date_gmt":"2026-02-28T10:19:16","guid":{"rendered":"http:\/\/198.46.190.232\/mypara\/?product=uriage-keratosane-30-gel-creme-40ml"},"modified":"2026-02-28T11:19:16","modified_gmt":"2026-02-28T10:19:16","slug":"uriage-keratosane-30-gel-creme-40ml","status":"publish","type":"product","link":"http:\/\/www.yespara.tn\/?product=uriage-keratosane-30-gel-creme-40ml","title":{"rendered":"uriage keratosane 30 gel creme 40ml"},"content":{"rendered":"","protected":false},"excerpt":{"rendered":"<p>Ce gel cr\u00e8me est un soin complet qui permet \u00e0 la peau de retrouver son aspect lisse, apais\u00e9, doux sans rugosit\u00e9. Sa concentration en Ur\u00e9e lui permet d\u2019avoir une puissante action k\u00e9ratolytique sur les zones rugeuses ou tr\u00e8s \u00e9paisses identifi\u00e9es.<\/p>\n","protected":false},"featured_media":3891,"comment_status":"open","ping_status":"closed","template":"","meta":[],"product_brand":[],"product_cat":[3006],"product_tag":[],"class_list":{"0":"post-3892","1":"product","2":"type-product","3":"status-publish","4":"has-post-thumbnail","6":"product_cat-uriage-soins-visage-2","8":"first","9":"instock","10":"taxable","11":"shipping-taxable","12":"product-type-simple"},"_links":{"self":[{"href":"http:\/\/www.yespara.tn\/index.php?rest_route=\/wp\/v2\/product\/3892","targetHints":{"allow":["GET"]}}],"collection":[{"href":"http:\/\/www.yespara.tn\/index.php?rest_route=\/wp\/v2\/product"}],"about":[{"href":"http:\/\/www.yespara.tn\/index.php?rest_route=\/wp\/v2\/types\/product"}],"replies":[{"embeddable":true,"href":"http:\/\/www.yespara.tn\/index.php?rest_route=%2Fwp%2Fv2%2Fcomments&post=3892"}],"wp:featuredmedia":[{"embeddable":true,"href":"http:\/\/www.yespara.tn\/index.php?rest_route=\/wp\/v2\/media\/3891"}],"wp:attachment":[{"href":"http:\/\/www.yespara.tn\/index.php?rest_route=%2Fwp%2Fv2%2Fmedia&parent=3892"}],"wp:term":[{"taxonomy":"product_brand","embeddable":true,"href":"http:\/\/www.yespara.tn\/index.php?rest_route=%2Fwp%2Fv2%2Fproduct_brand&post=3892"},{"taxonomy":"product_cat","embeddable":true,"href":"http:\/\/www.yespara.tn\/index.php?rest_route=%2Fwp%2Fv2%2Fproduct_cat&post=3892"},{"taxonomy":"product_tag","embeddable":true,"href":"http:\/\/www.yespara.tn\/index.php?rest_route=%2Fwp%2Fv2%2Fproduct_tag&post=3892"}],"curies":[{"name":"wp","href":"https:\/\/api.w.org\/{rel}","templated":true}]}}