{"id":3890,"date":"2026-02-28T11:19:15","date_gmt":"2026-02-28T10:19:15","guid":{"rendered":"http:\/\/198.46.190.232\/mypara\/?product=uriage-pruriced-creme-tube-100ml"},"modified":"2026-02-28T11:19:15","modified_gmt":"2026-02-28T10:19:15","slug":"uriage-pruriced-creme-tube-100ml","status":"publish","type":"product","link":"http:\/\/www.yespara.tn\/?product=uriage-pruriced-creme-tube-100ml","title":{"rendered":"uriage pruriced creme tube 100ml"},"content":{"rendered":"","protected":false},"excerpt":{"rendered":"<p>Avec sa texture onctueuse et haute tol\u00e9rance, la peau imm\u00e9diatement soulag\u00e9e retrouve tout son confort. Apaise et soulage : Gr\u00e2ce \u00e0 ses actifs sp\u00e9cifiques, la Calamine associ\u00e9e \u00e0 l\u2019huile de p\u00e9pins de framboise (riche en acides gras essentiels om\u00e9ga 3 et om\u00e9ga 6) assurent une double action apaisante et restructurante.<\/p>\n","protected":false},"featured_media":3889,"comment_status":"open","ping_status":"closed","template":"","meta":[],"product_brand":[],"product_cat":[3006],"product_tag":[],"class_list":{"0":"post-3890","1":"product","2":"type-product","3":"status-publish","4":"has-post-thumbnail","6":"product_cat-uriage-soins-visage-2","8":"first","9":"instock","10":"taxable","11":"shipping-taxable","12":"product-type-simple"},"_links":{"self":[{"href":"http:\/\/www.yespara.tn\/index.php?rest_route=\/wp\/v2\/product\/3890","targetHints":{"allow":["GET"]}}],"collection":[{"href":"http:\/\/www.yespara.tn\/index.php?rest_route=\/wp\/v2\/product"}],"about":[{"href":"http:\/\/www.yespara.tn\/index.php?rest_route=\/wp\/v2\/types\/product"}],"replies":[{"embeddable":true,"href":"http:\/\/www.yespara.tn\/index.php?rest_route=%2Fwp%2Fv2%2Fcomments&post=3890"}],"wp:featuredmedia":[{"embeddable":true,"href":"http:\/\/www.yespara.tn\/index.php?rest_route=\/wp\/v2\/media\/3889"}],"wp:attachment":[{"href":"http:\/\/www.yespara.tn\/index.php?rest_route=%2Fwp%2Fv2%2Fmedia&parent=3890"}],"wp:term":[{"taxonomy":"product_brand","embeddable":true,"href":"http:\/\/www.yespara.tn\/index.php?rest_route=%2Fwp%2Fv2%2Fproduct_brand&post=3890"},{"taxonomy":"product_cat","embeddable":true,"href":"http:\/\/www.yespara.tn\/index.php?rest_route=%2Fwp%2Fv2%2Fproduct_cat&post=3890"},{"taxonomy":"product_tag","embeddable":true,"href":"http:\/\/www.yespara.tn\/index.php?rest_route=%2Fwp%2Fv2%2Fproduct_tag&post=3890"}],"curies":[{"name":"wp","href":"https:\/\/api.w.org\/{rel}","templated":true}]}}