{"id":3888,"date":"2026-02-28T11:19:14","date_gmt":"2026-02-28T10:19:14","guid":{"rendered":"http:\/\/198.46.190.232\/mypara\/?product=uriage-xemose-creme-relipidante-anti-irritations-200ml"},"modified":"2026-02-28T11:19:14","modified_gmt":"2026-02-28T10:19:14","slug":"uriage-xemose-creme-relipidante-anti-irritations-200ml","status":"publish","type":"product","link":"http:\/\/www.yespara.tn\/?product=uriage-xemose-creme-relipidante-anti-irritations-200ml","title":{"rendered":"uriage xemose creme relipidante anti-irritations 200ml"},"content":{"rendered":"","protected":false},"excerpt":{"rendered":"<p>Cette cr\u00e8me nourrissante et protectrice apaise imm\u00e9diatement les sensations de d\u00e9mangeaisons g\u00e9n\u00e9ratrices de grattage et offre un confort durable. Dot\u00e9e d\u2019une texture fondante non collante, elle permet un habillage rapide. Elle p\u00e9n\u00e8tre instantan\u00e9ment pour espacer les pics de s\u00e9cheresse s\u00e9v\u00e8re et apporter un confort durable.<\/p>\n","protected":false},"featured_media":3887,"comment_status":"open","ping_status":"closed","template":"","meta":[],"product_brand":[],"product_cat":[3006],"product_tag":[],"class_list":{"0":"post-3888","1":"product","2":"type-product","3":"status-publish","4":"has-post-thumbnail","6":"product_cat-uriage-soins-visage-2","8":"first","9":"instock","10":"taxable","11":"shipping-taxable","12":"product-type-simple"},"_links":{"self":[{"href":"http:\/\/www.yespara.tn\/index.php?rest_route=\/wp\/v2\/product\/3888","targetHints":{"allow":["GET"]}}],"collection":[{"href":"http:\/\/www.yespara.tn\/index.php?rest_route=\/wp\/v2\/product"}],"about":[{"href":"http:\/\/www.yespara.tn\/index.php?rest_route=\/wp\/v2\/types\/product"}],"replies":[{"embeddable":true,"href":"http:\/\/www.yespara.tn\/index.php?rest_route=%2Fwp%2Fv2%2Fcomments&post=3888"}],"wp:featuredmedia":[{"embeddable":true,"href":"http:\/\/www.yespara.tn\/index.php?rest_route=\/wp\/v2\/media\/3887"}],"wp:attachment":[{"href":"http:\/\/www.yespara.tn\/index.php?rest_route=%2Fwp%2Fv2%2Fmedia&parent=3888"}],"wp:term":[{"taxonomy":"product_brand","embeddable":true,"href":"http:\/\/www.yespara.tn\/index.php?rest_route=%2Fwp%2Fv2%2Fproduct_brand&post=3888"},{"taxonomy":"product_cat","embeddable":true,"href":"http:\/\/www.yespara.tn\/index.php?rest_route=%2Fwp%2Fv2%2Fproduct_cat&post=3888"},{"taxonomy":"product_tag","embeddable":true,"href":"http:\/\/www.yespara.tn\/index.php?rest_route=%2Fwp%2Fv2%2Fproduct_tag&post=3888"}],"curies":[{"name":"wp","href":"https:\/\/api.w.org\/{rel}","templated":true}]}}