{"id":3886,"date":"2026-02-28T11:19:12","date_gmt":"2026-02-28T10:19:12","guid":{"rendered":"http:\/\/198.46.190.232\/mypara\/?product=uriage-xemose-syndet-nettoyant-doux-200ml"},"modified":"2026-02-28T11:19:12","modified_gmt":"2026-02-28T10:19:12","slug":"uriage-xemose-syndet-nettoyant-doux-200ml","status":"publish","type":"product","link":"http:\/\/www.yespara.tn\/?product=uriage-xemose-syndet-nettoyant-doux-200ml","title":{"rendered":"uriage xemose syndet nettoyant doux 200ml"},"content":{"rendered":"","protected":false},"excerpt":{"rendered":"<p>X\u00e9mose Syndet est un gel-cr\u00e8me nettoyant tr\u00e8s doux sp\u00e9cifiquement con\u00e7u pour les peaux tr\u00e8s s\u00e8ches ou \u00e0 tendance atopique, avec ou sans irritations.<\/p>\n","protected":false},"featured_media":3885,"comment_status":"open","ping_status":"closed","template":"","meta":[],"product_brand":[],"product_cat":[2128,3005],"product_tag":[],"class_list":{"0":"post-3886","1":"product","2":"type-product","3":"status-publish","4":"has-post-thumbnail","6":"product_cat-demaquillants","7":"product_cat-uriage-soins-visage-gels-nettoyants","9":"first","10":"instock","11":"taxable","12":"shipping-taxable","13":"product-type-simple"},"_links":{"self":[{"href":"http:\/\/www.yespara.tn\/index.php?rest_route=\/wp\/v2\/product\/3886","targetHints":{"allow":["GET"]}}],"collection":[{"href":"http:\/\/www.yespara.tn\/index.php?rest_route=\/wp\/v2\/product"}],"about":[{"href":"http:\/\/www.yespara.tn\/index.php?rest_route=\/wp\/v2\/types\/product"}],"replies":[{"embeddable":true,"href":"http:\/\/www.yespara.tn\/index.php?rest_route=%2Fwp%2Fv2%2Fcomments&post=3886"}],"wp:featuredmedia":[{"embeddable":true,"href":"http:\/\/www.yespara.tn\/index.php?rest_route=\/wp\/v2\/media\/3885"}],"wp:attachment":[{"href":"http:\/\/www.yespara.tn\/index.php?rest_route=%2Fwp%2Fv2%2Fmedia&parent=3886"}],"wp:term":[{"taxonomy":"product_brand","embeddable":true,"href":"http:\/\/www.yespara.tn\/index.php?rest_route=%2Fwp%2Fv2%2Fproduct_brand&post=3886"},{"taxonomy":"product_cat","embeddable":true,"href":"http:\/\/www.yespara.tn\/index.php?rest_route=%2Fwp%2Fv2%2Fproduct_cat&post=3886"},{"taxonomy":"product_tag","embeddable":true,"href":"http:\/\/www.yespara.tn\/index.php?rest_route=%2Fwp%2Fv2%2Fproduct_tag&post=3886"}],"curies":[{"name":"wp","href":"https:\/\/api.w.org\/{rel}","templated":true}]}}