{"id":3878,"date":"2026-02-28T11:19:07","date_gmt":"2026-02-28T10:19:07","guid":{"rendered":"http:\/\/198.46.190.232\/mypara\/?product=uriage-hyseac-soin-matifiant-40ml"},"modified":"2026-02-28T11:19:07","modified_gmt":"2026-02-28T10:19:07","slug":"uriage-hyseac-soin-matifiant-40ml","status":"publish","type":"product","link":"http:\/\/www.yespara.tn\/?product=uriage-hyseac-soin-matifiant-40ml","title":{"rendered":"URIAGE HYSEAC soin matifiant 40ML"},"content":{"rendered":"","protected":false},"excerpt":{"rendered":"<p>Ce gel cr\u00e8me frais et l\u00e9ger laisse votre peau hydrat\u00e9e et matifi\u00e9e et constitue une excellente base de maquillage.<\/p>\n","protected":false},"featured_media":3877,"comment_status":"open","ping_status":"closed","template":"","meta":[],"product_brand":[],"product_cat":[2140,3013],"product_tag":[],"class_list":{"0":"post-3878","1":"product","2":"type-product","3":"status-publish","4":"has-post-thumbnail","6":"product_cat-soins-peau-grasse","7":"product_cat-uriage-soins-visage-mixte-et-acne","9":"first","10":"instock","11":"taxable","12":"shipping-taxable","13":"product-type-simple"},"_links":{"self":[{"href":"http:\/\/www.yespara.tn\/index.php?rest_route=\/wp\/v2\/product\/3878","targetHints":{"allow":["GET"]}}],"collection":[{"href":"http:\/\/www.yespara.tn\/index.php?rest_route=\/wp\/v2\/product"}],"about":[{"href":"http:\/\/www.yespara.tn\/index.php?rest_route=\/wp\/v2\/types\/product"}],"replies":[{"embeddable":true,"href":"http:\/\/www.yespara.tn\/index.php?rest_route=%2Fwp%2Fv2%2Fcomments&post=3878"}],"wp:featuredmedia":[{"embeddable":true,"href":"http:\/\/www.yespara.tn\/index.php?rest_route=\/wp\/v2\/media\/3877"}],"wp:attachment":[{"href":"http:\/\/www.yespara.tn\/index.php?rest_route=%2Fwp%2Fv2%2Fmedia&parent=3878"}],"wp:term":[{"taxonomy":"product_brand","embeddable":true,"href":"http:\/\/www.yespara.tn\/index.php?rest_route=%2Fwp%2Fv2%2Fproduct_brand&post=3878"},{"taxonomy":"product_cat","embeddable":true,"href":"http:\/\/www.yespara.tn\/index.php?rest_route=%2Fwp%2Fv2%2Fproduct_cat&post=3878"},{"taxonomy":"product_tag","embeddable":true,"href":"http:\/\/www.yespara.tn\/index.php?rest_route=%2Fwp%2Fv2%2Fproduct_tag&post=3878"}],"curies":[{"name":"wp","href":"https:\/\/api.w.org\/{rel}","templated":true}]}}