{"id":3874,"date":"2026-02-28T11:19:04","date_gmt":"2026-02-28T10:19:04","guid":{"rendered":"http:\/\/198.46.190.232\/mypara\/?product=uriage-tolederm-control-soin-apaisant-40ml"},"modified":"2026-02-28T11:19:04","modified_gmt":"2026-02-28T10:19:04","slug":"uriage-tolederm-control-soin-apaisant-40ml","status":"publish","type":"product","link":"http:\/\/www.yespara.tn\/?product=uriage-tolederm-control-soin-apaisant-40ml","title":{"rendered":"uriage tolederm control soin apaisant 40ml"},"content":{"rendered":"","protected":false},"excerpt":{"rendered":"<p>TOLEDERM CONTROL SOIN APAISANT est une cr\u00e8me a\u00e9rienne qui apaise instantan\u00e9ment, hydrate, prot\u00e8ge et offre un confort durable aux peaux sensibles, intol\u00e9rantes, hyper-r\u00e9actives et allergiques.<\/p>\n","protected":false},"featured_media":3873,"comment_status":"open","ping_status":"closed","template":"","meta":[],"product_brand":[],"product_cat":[3011],"product_tag":[],"class_list":{"0":"post-3874","1":"product","2":"type-product","3":"status-publish","4":"has-post-thumbnail","6":"product_cat-uriage-soins-visage-soins-hydratants-et-nourrissants-2","8":"first","9":"instock","10":"taxable","11":"shipping-taxable","12":"product-type-simple"},"_links":{"self":[{"href":"http:\/\/www.yespara.tn\/index.php?rest_route=\/wp\/v2\/product\/3874","targetHints":{"allow":["GET"]}}],"collection":[{"href":"http:\/\/www.yespara.tn\/index.php?rest_route=\/wp\/v2\/product"}],"about":[{"href":"http:\/\/www.yespara.tn\/index.php?rest_route=\/wp\/v2\/types\/product"}],"replies":[{"embeddable":true,"href":"http:\/\/www.yespara.tn\/index.php?rest_route=%2Fwp%2Fv2%2Fcomments&post=3874"}],"wp:featuredmedia":[{"embeddable":true,"href":"http:\/\/www.yespara.tn\/index.php?rest_route=\/wp\/v2\/media\/3873"}],"wp:attachment":[{"href":"http:\/\/www.yespara.tn\/index.php?rest_route=%2Fwp%2Fv2%2Fmedia&parent=3874"}],"wp:term":[{"taxonomy":"product_brand","embeddable":true,"href":"http:\/\/www.yespara.tn\/index.php?rest_route=%2Fwp%2Fv2%2Fproduct_brand&post=3874"},{"taxonomy":"product_cat","embeddable":true,"href":"http:\/\/www.yespara.tn\/index.php?rest_route=%2Fwp%2Fv2%2Fproduct_cat&post=3874"},{"taxonomy":"product_tag","embeddable":true,"href":"http:\/\/www.yespara.tn\/index.php?rest_route=%2Fwp%2Fv2%2Fproduct_tag&post=3874"}],"curies":[{"name":"wp","href":"https:\/\/api.w.org\/{rel}","templated":true}]}}