{"id":3872,"date":"2026-02-28T11:19:03","date_gmt":"2026-02-28T10:19:03","guid":{"rendered":"http:\/\/198.46.190.232\/mypara\/?product=uriage-tolederm-control-soin-yeux-frais-apaisant-15ml"},"modified":"2026-02-28T11:19:03","modified_gmt":"2026-02-28T10:19:03","slug":"uriage-tolederm-control-soin-yeux-frais-apaisant-15ml","status":"publish","type":"product","link":"http:\/\/www.yespara.tn\/?product=uriage-tolederm-control-soin-yeux-frais-apaisant-15ml","title":{"rendered":"uriage tolederm control soin yeux frais apaisant 15ml"},"content":{"rendered":"","protected":false},"excerpt":{"rendered":"<p>TOLEDERM CONTROL SOIN YEUX FRAIS APAISANT apaise instantan\u00e9ment, hydrate, prot\u00e8ge et offre un confort durable aux contours des yeux sensibles des peaux intol\u00e9rantes, hyper-r\u00e9actives et allergiques.<\/p>\n","protected":false},"featured_media":3871,"comment_status":"open","ping_status":"closed","template":"","meta":[],"product_brand":[],"product_cat":[3010],"product_tag":[],"class_list":{"0":"post-3872","1":"product","2":"type-product","3":"status-publish","4":"has-post-thumbnail","6":"product_cat-uriage-yeux-et-levres-contour-des-yeux","8":"first","9":"instock","10":"taxable","11":"shipping-taxable","12":"product-type-simple"},"_links":{"self":[{"href":"http:\/\/www.yespara.tn\/index.php?rest_route=\/wp\/v2\/product\/3872","targetHints":{"allow":["GET"]}}],"collection":[{"href":"http:\/\/www.yespara.tn\/index.php?rest_route=\/wp\/v2\/product"}],"about":[{"href":"http:\/\/www.yespara.tn\/index.php?rest_route=\/wp\/v2\/types\/product"}],"replies":[{"embeddable":true,"href":"http:\/\/www.yespara.tn\/index.php?rest_route=%2Fwp%2Fv2%2Fcomments&post=3872"}],"wp:featuredmedia":[{"embeddable":true,"href":"http:\/\/www.yespara.tn\/index.php?rest_route=\/wp\/v2\/media\/3871"}],"wp:attachment":[{"href":"http:\/\/www.yespara.tn\/index.php?rest_route=%2Fwp%2Fv2%2Fmedia&parent=3872"}],"wp:term":[{"taxonomy":"product_brand","embeddable":true,"href":"http:\/\/www.yespara.tn\/index.php?rest_route=%2Fwp%2Fv2%2Fproduct_brand&post=3872"},{"taxonomy":"product_cat","embeddable":true,"href":"http:\/\/www.yespara.tn\/index.php?rest_route=%2Fwp%2Fv2%2Fproduct_cat&post=3872"},{"taxonomy":"product_tag","embeddable":true,"href":"http:\/\/www.yespara.tn\/index.php?rest_route=%2Fwp%2Fv2%2Fproduct_tag&post=3872"}],"curies":[{"name":"wp","href":"https:\/\/api.w.org\/{rel}","templated":true}]}}