{"id":3870,"date":"2026-02-28T11:18:57","date_gmt":"2026-02-28T10:18:57","guid":{"rendered":"http:\/\/198.46.190.232\/mypara\/?product=uriage-age-lift-filler-soin-combleur-instantane-30ml"},"modified":"2026-02-28T11:18:57","modified_gmt":"2026-02-28T10:18:57","slug":"uriage-age-lift-filler-soin-combleur-instantane-30ml","status":"publish","type":"product","link":"http:\/\/www.yespara.tn\/?product=uriage-age-lift-filler-soin-combleur-instantane-30ml","title":{"rendered":"uriage age lift filler soin combleur instantane 30ml"},"content":{"rendered":"","protected":false},"excerpt":{"rendered":"<p>Uriage Age Lift Filler Soin Combleur Instantan\u00e9 30 ml est un soin pour tous types de peaux \u00e0 base de r\u00e9tinol, d\u2019acide hyaluronique et d\u2019agent pore refiner pour lisser les rides et les ridules.<\/p>\n","protected":false},"featured_media":3869,"comment_status":"open","ping_status":"closed","template":"","meta":[],"product_brand":[],"product_cat":[3007],"product_tag":[],"class_list":{"0":"post-3870","1":"product","2":"type-product","3":"status-publish","4":"has-post-thumbnail","6":"product_cat-uriage-soins-visage-soins-anti-age-et-anti-rides-2","8":"first","9":"instock","10":"taxable","11":"shipping-taxable","12":"product-type-simple"},"_links":{"self":[{"href":"http:\/\/www.yespara.tn\/index.php?rest_route=\/wp\/v2\/product\/3870","targetHints":{"allow":["GET"]}}],"collection":[{"href":"http:\/\/www.yespara.tn\/index.php?rest_route=\/wp\/v2\/product"}],"about":[{"href":"http:\/\/www.yespara.tn\/index.php?rest_route=\/wp\/v2\/types\/product"}],"replies":[{"embeddable":true,"href":"http:\/\/www.yespara.tn\/index.php?rest_route=%2Fwp%2Fv2%2Fcomments&post=3870"}],"wp:featuredmedia":[{"embeddable":true,"href":"http:\/\/www.yespara.tn\/index.php?rest_route=\/wp\/v2\/media\/3869"}],"wp:attachment":[{"href":"http:\/\/www.yespara.tn\/index.php?rest_route=%2Fwp%2Fv2%2Fmedia&parent=3870"}],"wp:term":[{"taxonomy":"product_brand","embeddable":true,"href":"http:\/\/www.yespara.tn\/index.php?rest_route=%2Fwp%2Fv2%2Fproduct_brand&post=3870"},{"taxonomy":"product_cat","embeddable":true,"href":"http:\/\/www.yespara.tn\/index.php?rest_route=%2Fwp%2Fv2%2Fproduct_cat&post=3870"},{"taxonomy":"product_tag","embeddable":true,"href":"http:\/\/www.yespara.tn\/index.php?rest_route=%2Fwp%2Fv2%2Fproduct_tag&post=3870"}],"curies":[{"name":"wp","href":"https:\/\/api.w.org\/{rel}","templated":true}]}}