{"id":3868,"date":"2026-02-28T11:18:55","date_gmt":"2026-02-28T10:18:55","guid":{"rendered":"http:\/\/198.46.190.232\/mypara\/?product=uriage-age-lift-serum-intensif-lissant-fermete-30ml"},"modified":"2026-02-28T11:18:55","modified_gmt":"2026-02-28T10:18:55","slug":"uriage-age-lift-serum-intensif-lissant-fermete-30ml","status":"publish","type":"product","link":"http:\/\/www.yespara.tn\/?product=uriage-age-lift-serum-intensif-lissant-fermete-30ml","title":{"rendered":"uriage age lift serum intensif lissant fermete 30ml"},"content":{"rendered":"","protected":false},"excerpt":{"rendered":"<p>Le s\u00e9rum intensif Lissant Fermet\u00e9 Age Lift d\u2019Uriage agit sur les signes de l\u2019\u00e2ge gr\u00e2ce \u00e0 sa formule \u00e0 base de r\u00e9tinol, d\u2019acide hyaluronique et d\u2019AHA. Au fil des utilisations, votre peau est plus lisse et plus ferme.<\/p>\n","protected":false},"featured_media":3867,"comment_status":"open","ping_status":"closed","template":"","meta":[],"product_brand":[],"product_cat":[3008],"product_tag":[],"class_list":{"0":"post-3868","1":"product","2":"type-product","3":"status-publish","4":"has-post-thumbnail","6":"product_cat-uriage-soins-visage-serums-anti-age","8":"first","9":"instock","10":"taxable","11":"shipping-taxable","12":"product-type-simple"},"_links":{"self":[{"href":"http:\/\/www.yespara.tn\/index.php?rest_route=\/wp\/v2\/product\/3868","targetHints":{"allow":["GET"]}}],"collection":[{"href":"http:\/\/www.yespara.tn\/index.php?rest_route=\/wp\/v2\/product"}],"about":[{"href":"http:\/\/www.yespara.tn\/index.php?rest_route=\/wp\/v2\/types\/product"}],"replies":[{"embeddable":true,"href":"http:\/\/www.yespara.tn\/index.php?rest_route=%2Fwp%2Fv2%2Fcomments&post=3868"}],"wp:featuredmedia":[{"embeddable":true,"href":"http:\/\/www.yespara.tn\/index.php?rest_route=\/wp\/v2\/media\/3867"}],"wp:attachment":[{"href":"http:\/\/www.yespara.tn\/index.php?rest_route=%2Fwp%2Fv2%2Fmedia&parent=3868"}],"wp:term":[{"taxonomy":"product_brand","embeddable":true,"href":"http:\/\/www.yespara.tn\/index.php?rest_route=%2Fwp%2Fv2%2Fproduct_brand&post=3868"},{"taxonomy":"product_cat","embeddable":true,"href":"http:\/\/www.yespara.tn\/index.php?rest_route=%2Fwp%2Fv2%2Fproduct_cat&post=3868"},{"taxonomy":"product_tag","embeddable":true,"href":"http:\/\/www.yespara.tn\/index.php?rest_route=%2Fwp%2Fv2%2Fproduct_tag&post=3868"}],"curies":[{"name":"wp","href":"https:\/\/api.w.org\/{rel}","templated":true}]}}