{"id":3864,"date":"2026-02-28T11:18:53","date_gmt":"2026-02-28T10:18:53","guid":{"rendered":"http:\/\/198.46.190.232\/mypara\/?product=uriage-age-absolu-creme-rose-redensifiante-50ml"},"modified":"2026-02-28T11:18:53","modified_gmt":"2026-02-28T10:18:53","slug":"uriage-age-absolu-creme-rose-redensifiante-50ml","status":"publish","type":"product","link":"http:\/\/www.yespara.tn\/?product=uriage-age-absolu-creme-rose-redensifiante-50ml","title":{"rendered":"uriage age absolu creme rose redensifiante 50ml"},"content":{"rendered":"","protected":false},"excerpt":{"rendered":"<p>Cette cr\u00e8me anti-\u00e2ge rose redensifiante agit sur tous les signes visibles de l\u2019\u00e2ge : rides \u2013 rel\u00e2chement \u2013 perte de volume \u2013 perte d\u2019\u00e9clat \u2013 perte de nutrition. La peau est redensifi\u00e9e, plus rebondie, et para\u00eet plus jeune. Les contours du visage sont mieux d\u00e9finis et l\u2019\u00e9clat naturel ros\u00e9 est raviv\u00e9.<\/p>\n","protected":false},"featured_media":3863,"comment_status":"open","ping_status":"closed","template":"","meta":[],"product_brand":[],"product_cat":[3007],"product_tag":[],"class_list":{"0":"post-3864","1":"product","2":"type-product","3":"status-publish","4":"has-post-thumbnail","6":"product_cat-uriage-soins-visage-soins-anti-age-et-anti-rides-2","8":"first","9":"instock","10":"taxable","11":"shipping-taxable","12":"product-type-simple"},"_links":{"self":[{"href":"http:\/\/www.yespara.tn\/index.php?rest_route=\/wp\/v2\/product\/3864","targetHints":{"allow":["GET"]}}],"collection":[{"href":"http:\/\/www.yespara.tn\/index.php?rest_route=\/wp\/v2\/product"}],"about":[{"href":"http:\/\/www.yespara.tn\/index.php?rest_route=\/wp\/v2\/types\/product"}],"replies":[{"embeddable":true,"href":"http:\/\/www.yespara.tn\/index.php?rest_route=%2Fwp%2Fv2%2Fcomments&post=3864"}],"wp:featuredmedia":[{"embeddable":true,"href":"http:\/\/www.yespara.tn\/index.php?rest_route=\/wp\/v2\/media\/3863"}],"wp:attachment":[{"href":"http:\/\/www.yespara.tn\/index.php?rest_route=%2Fwp%2Fv2%2Fmedia&parent=3864"}],"wp:term":[{"taxonomy":"product_brand","embeddable":true,"href":"http:\/\/www.yespara.tn\/index.php?rest_route=%2Fwp%2Fv2%2Fproduct_brand&post=3864"},{"taxonomy":"product_cat","embeddable":true,"href":"http:\/\/www.yespara.tn\/index.php?rest_route=%2Fwp%2Fv2%2Fproduct_cat&post=3864"},{"taxonomy":"product_tag","embeddable":true,"href":"http:\/\/www.yespara.tn\/index.php?rest_route=%2Fwp%2Fv2%2Fproduct_tag&post=3864"}],"curies":[{"name":"wp","href":"https:\/\/api.w.org\/{rel}","templated":true}]}}