{"id":3862,"date":"2026-02-28T11:18:51","date_gmt":"2026-02-28T10:18:51","guid":{"rendered":"http:\/\/198.46.190.232\/mypara\/?product=uriage-tolederm-control-soin-apaisant-creme-riche"},"modified":"2026-02-28T11:18:51","modified_gmt":"2026-02-28T10:18:51","slug":"uriage-tolederm-control-soin-apaisant-creme-riche","status":"publish","type":"product","link":"http:\/\/www.yespara.tn\/?product=uriage-tolederm-control-soin-apaisant-creme-riche","title":{"rendered":"uriage tolederm control soin apaisant creme riche"},"content":{"rendered":"","protected":false},"excerpt":{"rendered":"<p>Tol\u00e9derm CONTROL SOIN APAISANT RICHE est une cr\u00e8me onctueuse qui apaise instantan\u00e9ment, nourrit, prot\u00e8ge et offre un confort durable aux peaux sensibles, intol\u00e9rantes, hyper-r\u00e9actives et allergiques.<\/p>\n","protected":false},"featured_media":3861,"comment_status":"open","ping_status":"closed","template":"","meta":[],"product_brand":[],"product_cat":[3006],"product_tag":[],"class_list":{"0":"post-3862","1":"product","2":"type-product","3":"status-publish","4":"has-post-thumbnail","6":"product_cat-uriage-soins-visage-2","8":"first","9":"instock","10":"taxable","11":"shipping-taxable","12":"product-type-simple"},"_links":{"self":[{"href":"http:\/\/www.yespara.tn\/index.php?rest_route=\/wp\/v2\/product\/3862","targetHints":{"allow":["GET"]}}],"collection":[{"href":"http:\/\/www.yespara.tn\/index.php?rest_route=\/wp\/v2\/product"}],"about":[{"href":"http:\/\/www.yespara.tn\/index.php?rest_route=\/wp\/v2\/types\/product"}],"replies":[{"embeddable":true,"href":"http:\/\/www.yespara.tn\/index.php?rest_route=%2Fwp%2Fv2%2Fcomments&post=3862"}],"wp:featuredmedia":[{"embeddable":true,"href":"http:\/\/www.yespara.tn\/index.php?rest_route=\/wp\/v2\/media\/3861"}],"wp:attachment":[{"href":"http:\/\/www.yespara.tn\/index.php?rest_route=%2Fwp%2Fv2%2Fmedia&parent=3862"}],"wp:term":[{"taxonomy":"product_brand","embeddable":true,"href":"http:\/\/www.yespara.tn\/index.php?rest_route=%2Fwp%2Fv2%2Fproduct_brand&post=3862"},{"taxonomy":"product_cat","embeddable":true,"href":"http:\/\/www.yespara.tn\/index.php?rest_route=%2Fwp%2Fv2%2Fproduct_cat&post=3862"},{"taxonomy":"product_tag","embeddable":true,"href":"http:\/\/www.yespara.tn\/index.php?rest_route=%2Fwp%2Fv2%2Fproduct_tag&post=3862"}],"curies":[{"name":"wp","href":"https:\/\/api.w.org\/{rel}","templated":true}]}}