{"id":3860,"date":"2026-02-28T11:18:50","date_gmt":"2026-02-28T10:18:50","guid":{"rendered":"http:\/\/198.46.190.232\/mypara\/?product=uriage-ds-gel-nettoyant-moussant-regulateur-150ml"},"modified":"2026-02-28T11:18:50","modified_gmt":"2026-02-28T10:18:50","slug":"uriage-ds-gel-nettoyant-moussant-regulateur-150ml","status":"publish","type":"product","link":"http:\/\/www.yespara.tn\/?product=uriage-ds-gel-nettoyant-moussant-regulateur-150ml","title":{"rendered":"uriage ds gel nettoyant moussant regulateur 150ml"},"content":{"rendered":"","protected":false},"excerpt":{"rendered":"<p>Onctueux et ultra-doux, le gel moussant laisse la peau douce, purifi\u00e9e et confortable gr\u00e2ce \u00e0 une double r\u00e9gulation sp\u00e9cifique. Nettoie: Sa base lavante ultra-douce nettoie et \u00e9limine les impuret\u00e9s sans ass\u00e9cher la peau.<\/p>\n","protected":false},"featured_media":3859,"comment_status":"open","ping_status":"closed","template":"","meta":[],"product_brand":[],"product_cat":[2128,3005],"product_tag":[],"class_list":{"0":"post-3860","1":"product","2":"type-product","3":"status-publish","4":"has-post-thumbnail","6":"product_cat-demaquillants","7":"product_cat-uriage-soins-visage-gels-nettoyants","9":"first","10":"instock","11":"taxable","12":"shipping-taxable","13":"product-type-simple"},"_links":{"self":[{"href":"http:\/\/www.yespara.tn\/index.php?rest_route=\/wp\/v2\/product\/3860","targetHints":{"allow":["GET"]}}],"collection":[{"href":"http:\/\/www.yespara.tn\/index.php?rest_route=\/wp\/v2\/product"}],"about":[{"href":"http:\/\/www.yespara.tn\/index.php?rest_route=\/wp\/v2\/types\/product"}],"replies":[{"embeddable":true,"href":"http:\/\/www.yespara.tn\/index.php?rest_route=%2Fwp%2Fv2%2Fcomments&post=3860"}],"wp:featuredmedia":[{"embeddable":true,"href":"http:\/\/www.yespara.tn\/index.php?rest_route=\/wp\/v2\/media\/3859"}],"wp:attachment":[{"href":"http:\/\/www.yespara.tn\/index.php?rest_route=%2Fwp%2Fv2%2Fmedia&parent=3860"}],"wp:term":[{"taxonomy":"product_brand","embeddable":true,"href":"http:\/\/www.yespara.tn\/index.php?rest_route=%2Fwp%2Fv2%2Fproduct_brand&post=3860"},{"taxonomy":"product_cat","embeddable":true,"href":"http:\/\/www.yespara.tn\/index.php?rest_route=%2Fwp%2Fv2%2Fproduct_cat&post=3860"},{"taxonomy":"product_tag","embeddable":true,"href":"http:\/\/www.yespara.tn\/index.php?rest_route=%2Fwp%2Fv2%2Fproduct_tag&post=3860"}],"curies":[{"name":"wp","href":"https:\/\/api.w.org\/{rel}","templated":true}]}}