{"id":3846,"date":"2026-02-28T11:18:41","date_gmt":"2026-02-28T10:18:41","guid":{"rendered":"http:\/\/198.46.190.232\/mypara\/?product=phyteal-hydradermine-gel-moussant-hydratant-250ml"},"modified":"2026-02-28T12:44:42","modified_gmt":"2026-02-28T11:44:42","slug":"phyteal-hydradermine-gel-moussant-hydratant-250ml","status":"publish","type":"product","link":"http:\/\/www.yespara.tn\/?product=phyteal-hydradermine-gel-moussant-hydratant-250ml","title":{"rendered":"phyteal hydradermine gel moussant hydratant 250ml"},"content":{"rendered":"","protected":false},"excerpt":{"rendered":"<p>Adapt\u00e9 aux peaux s\u00e8ches, aux peaux mixtes \u00e0 tendance s\u00e8che et aux peaux atopiques, HYDRADERMINE gel moussant est un soin nettoyant pour le visage et le corps. Sans savon et sans parab\u00e8ne, il renforce et hydrate en profondeur la barri\u00e8re cutan\u00e9e.<\/p>\n","protected":false},"featured_media":3845,"comment_status":"open","ping_status":"closed","template":"","meta":[],"product_brand":[],"product_cat":[2998],"product_tag":[],"class_list":{"0":"post-3846","1":"product","2":"type-product","3":"status-publish","4":"has-post-thumbnail","6":"product_cat-phyteal-soins-visage-soins-hydratants-et-nourrissants-peaux-seches","8":"first","9":"instock","10":"sale","11":"taxable","12":"shipping-taxable","13":"purchasable","14":"product-type-simple"},"_links":{"self":[{"href":"http:\/\/www.yespara.tn\/index.php?rest_route=\/wp\/v2\/product\/3846","targetHints":{"allow":["GET"]}}],"collection":[{"href":"http:\/\/www.yespara.tn\/index.php?rest_route=\/wp\/v2\/product"}],"about":[{"href":"http:\/\/www.yespara.tn\/index.php?rest_route=\/wp\/v2\/types\/product"}],"replies":[{"embeddable":true,"href":"http:\/\/www.yespara.tn\/index.php?rest_route=%2Fwp%2Fv2%2Fcomments&post=3846"}],"wp:featuredmedia":[{"embeddable":true,"href":"http:\/\/www.yespara.tn\/index.php?rest_route=\/wp\/v2\/media\/3845"}],"wp:attachment":[{"href":"http:\/\/www.yespara.tn\/index.php?rest_route=%2Fwp%2Fv2%2Fmedia&parent=3846"}],"wp:term":[{"taxonomy":"product_brand","embeddable":true,"href":"http:\/\/www.yespara.tn\/index.php?rest_route=%2Fwp%2Fv2%2Fproduct_brand&post=3846"},{"taxonomy":"product_cat","embeddable":true,"href":"http:\/\/www.yespara.tn\/index.php?rest_route=%2Fwp%2Fv2%2Fproduct_cat&post=3846"},{"taxonomy":"product_tag","embeddable":true,"href":"http:\/\/www.yespara.tn\/index.php?rest_route=%2Fwp%2Fv2%2Fproduct_tag&post=3846"}],"curies":[{"name":"wp","href":"https:\/\/api.w.org\/{rel}","templated":true}]}}