{"id":3844,"date":"2026-02-28T11:18:40","date_gmt":"2026-02-28T10:18:40","guid":{"rendered":"http:\/\/198.46.190.232\/mypara\/?product=dermaceutic-cream-c25-concentre-antioxydant-30ml"},"modified":"2026-02-28T11:18:40","modified_gmt":"2026-02-28T10:18:40","slug":"dermaceutic-cream-c25-concentre-antioxydant-30ml","status":"publish","type":"product","link":"http:\/\/www.yespara.tn\/?product=dermaceutic-cream-c25-concentre-antioxydant-30ml","title":{"rendered":"dermaceutic cream c25 concentre antioxydant 30ml"},"content":{"rendered":"","protected":false},"excerpt":{"rendered":"<p>Cream C25 est un concentr\u00e9 antioxydant permettant de lutter contre la perte d\u2019\u00e9clat et les irr\u00e9gularit\u00e9s du teint.<\/p>\n","protected":false},"featured_media":3843,"comment_status":"open","ping_status":"closed","template":"","meta":[],"product_brand":[],"product_cat":[2997],"product_tag":[],"class_list":{"0":"post-3844","1":"product","2":"type-product","3":"status-publish","4":"has-post-thumbnail","6":"product_cat-dermaceutic-soins-visage-2","8":"first","9":"instock","10":"taxable","11":"shipping-taxable","12":"product-type-simple"},"_links":{"self":[{"href":"http:\/\/www.yespara.tn\/index.php?rest_route=\/wp\/v2\/product\/3844","targetHints":{"allow":["GET"]}}],"collection":[{"href":"http:\/\/www.yespara.tn\/index.php?rest_route=\/wp\/v2\/product"}],"about":[{"href":"http:\/\/www.yespara.tn\/index.php?rest_route=\/wp\/v2\/types\/product"}],"replies":[{"embeddable":true,"href":"http:\/\/www.yespara.tn\/index.php?rest_route=%2Fwp%2Fv2%2Fcomments&post=3844"}],"wp:featuredmedia":[{"embeddable":true,"href":"http:\/\/www.yespara.tn\/index.php?rest_route=\/wp\/v2\/media\/3843"}],"wp:attachment":[{"href":"http:\/\/www.yespara.tn\/index.php?rest_route=%2Fwp%2Fv2%2Fmedia&parent=3844"}],"wp:term":[{"taxonomy":"product_brand","embeddable":true,"href":"http:\/\/www.yespara.tn\/index.php?rest_route=%2Fwp%2Fv2%2Fproduct_brand&post=3844"},{"taxonomy":"product_cat","embeddable":true,"href":"http:\/\/www.yespara.tn\/index.php?rest_route=%2Fwp%2Fv2%2Fproduct_cat&post=3844"},{"taxonomy":"product_tag","embeddable":true,"href":"http:\/\/www.yespara.tn\/index.php?rest_route=%2Fwp%2Fv2%2Fproduct_tag&post=3844"}],"curies":[{"name":"wp","href":"https:\/\/api.w.org\/{rel}","templated":true}]}}