{"id":3836,"date":"2026-02-28T11:18:32","date_gmt":"2026-02-28T10:18:32","guid":{"rendered":"http:\/\/198.46.190.232\/mypara\/?product=beesline-masque-withe-sapphire-luxury-30g"},"modified":"2026-02-28T11:18:32","modified_gmt":"2026-02-28T10:18:32","slug":"beesline-masque-withe-sapphire-luxury-30g","status":"publish","type":"product","link":"http:\/\/www.yespara.tn\/?product=beesline-masque-withe-sapphire-luxury-30g","title":{"rendered":"beesline masque withe sapphire luxury 30g"},"content":{"rendered":"","protected":false},"excerpt":{"rendered":"<p>Un masque en feuille luxueux qui sature la peau de g\u00e9n\u00e9reuses quantit\u00e9s d\u2019ingr\u00e9dients actifs \u00e9claircissants et liftants tout en favorisant l\u2019\u00e9lasticit\u00e9 de la peau pour un teint plus \u00e9clatant et plus jeune.<\/p>\n","protected":false},"featured_media":3835,"comment_status":"open","ping_status":"closed","template":"","meta":[],"product_brand":[],"product_cat":[2994],"product_tag":[],"class_list":{"0":"post-3836","1":"product","2":"type-product","3":"status-publish","4":"has-post-thumbnail","6":"product_cat-babylins","8":"first","9":"instock","10":"taxable","11":"shipping-taxable","12":"product-type-simple"},"_links":{"self":[{"href":"http:\/\/www.yespara.tn\/index.php?rest_route=\/wp\/v2\/product\/3836","targetHints":{"allow":["GET"]}}],"collection":[{"href":"http:\/\/www.yespara.tn\/index.php?rest_route=\/wp\/v2\/product"}],"about":[{"href":"http:\/\/www.yespara.tn\/index.php?rest_route=\/wp\/v2\/types\/product"}],"replies":[{"embeddable":true,"href":"http:\/\/www.yespara.tn\/index.php?rest_route=%2Fwp%2Fv2%2Fcomments&post=3836"}],"wp:featuredmedia":[{"embeddable":true,"href":"http:\/\/www.yespara.tn\/index.php?rest_route=\/wp\/v2\/media\/3835"}],"wp:attachment":[{"href":"http:\/\/www.yespara.tn\/index.php?rest_route=%2Fwp%2Fv2%2Fmedia&parent=3836"}],"wp:term":[{"taxonomy":"product_brand","embeddable":true,"href":"http:\/\/www.yespara.tn\/index.php?rest_route=%2Fwp%2Fv2%2Fproduct_brand&post=3836"},{"taxonomy":"product_cat","embeddable":true,"href":"http:\/\/www.yespara.tn\/index.php?rest_route=%2Fwp%2Fv2%2Fproduct_cat&post=3836"},{"taxonomy":"product_tag","embeddable":true,"href":"http:\/\/www.yespara.tn\/index.php?rest_route=%2Fwp%2Fv2%2Fproduct_tag&post=3836"}],"curies":[{"name":"wp","href":"https:\/\/api.w.org\/{rel}","templated":true}]}}