{"id":3826,"date":"2026-02-28T11:18:26","date_gmt":"2026-02-28T10:18:26","guid":{"rendered":"http:\/\/198.46.190.232\/mypara\/?product=sensilis-urgrade-eye-contour-15ml"},"modified":"2026-02-28T12:44:42","modified_gmt":"2026-02-28T11:44:42","slug":"sensilis-urgrade-eye-contour-15ml","status":"publish","type":"product","link":"http:\/\/www.yespara.tn\/?product=sensilis-urgrade-eye-contour-15ml","title":{"rendered":"sensilis urgrade eye contour 15ml"},"content":{"rendered":"","protected":false},"excerpt":{"rendered":"<p>Propri\u00e9t\u00e9s du produit Lisse les rides et r\u00e9duit les poches et les cernes. Corrige les rides \/ Poches \/ Cernes. Fluide. Tous types de peaux. Appliquer le matin\/le soir sur le contour des yeux.<\/p>\n","protected":false},"featured_media":3825,"comment_status":"open","ping_status":"closed","template":"","meta":[],"product_brand":[],"product_cat":[2992],"product_tag":[],"class_list":{"0":"post-3826","1":"product","2":"type-product","3":"status-publish","4":"has-post-thumbnail","6":"product_cat-sensilis-skin-lab-yeux-et-levres-ventes-flash-references-contour-des-yeux","8":"first","9":"instock","10":"sale","11":"taxable","12":"shipping-taxable","13":"purchasable","14":"product-type-simple"},"_links":{"self":[{"href":"http:\/\/www.yespara.tn\/index.php?rest_route=\/wp\/v2\/product\/3826","targetHints":{"allow":["GET"]}}],"collection":[{"href":"http:\/\/www.yespara.tn\/index.php?rest_route=\/wp\/v2\/product"}],"about":[{"href":"http:\/\/www.yespara.tn\/index.php?rest_route=\/wp\/v2\/types\/product"}],"replies":[{"embeddable":true,"href":"http:\/\/www.yespara.tn\/index.php?rest_route=%2Fwp%2Fv2%2Fcomments&post=3826"}],"wp:featuredmedia":[{"embeddable":true,"href":"http:\/\/www.yespara.tn\/index.php?rest_route=\/wp\/v2\/media\/3825"}],"wp:attachment":[{"href":"http:\/\/www.yespara.tn\/index.php?rest_route=%2Fwp%2Fv2%2Fmedia&parent=3826"}],"wp:term":[{"taxonomy":"product_brand","embeddable":true,"href":"http:\/\/www.yespara.tn\/index.php?rest_route=%2Fwp%2Fv2%2Fproduct_brand&post=3826"},{"taxonomy":"product_cat","embeddable":true,"href":"http:\/\/www.yespara.tn\/index.php?rest_route=%2Fwp%2Fv2%2Fproduct_cat&post=3826"},{"taxonomy":"product_tag","embeddable":true,"href":"http:\/\/www.yespara.tn\/index.php?rest_route=%2Fwp%2Fv2%2Fproduct_tag&post=3826"}],"curies":[{"name":"wp","href":"https:\/\/api.w.org\/{rel}","templated":true}]}}