{"id":3822,"date":"2026-02-28T11:18:23","date_gmt":"2026-02-28T10:18:23","guid":{"rendered":"http:\/\/198.46.190.232\/mypara\/?product=dermedic-melumin-creme-de-jour-protectrice-eclaircissante-spf50"},"modified":"2026-02-28T11:18:23","modified_gmt":"2026-02-28T10:18:23","slug":"dermedic-melumin-creme-de-jour-protectrice-eclaircissante-spf50","status":"publish","type":"product","link":"http:\/\/www.yespara.tn\/?product=dermedic-melumin-creme-de-jour-protectrice-eclaircissante-spf50","title":{"rendered":"dermedic melumin creme de jour protectrice eclaircissante spf50+"},"content":{"rendered":"","protected":false},"excerpt":{"rendered":"<p>DERMEDIC MELUMN La cr\u00e8me \u00e9claircissante de jour enrichie Ingr\u00e9dients actifs pour eclaircir le teint tel que\u00a0complexe MeluminTM Tristage (arbutine, Lightderm, vitamine C, niacinamide), filtres UV, vitamine E, huile de coco.<\/p>\n","protected":false},"featured_media":3821,"comment_status":"open","ping_status":"closed","template":"","meta":[],"product_brand":[],"product_cat":[2988],"product_tag":[],"class_list":{"0":"post-3822","1":"product","2":"type-product","3":"status-publish","4":"has-post-thumbnail","6":"product_cat-dermedic-soins-visage-soins-anti-taches-et-depigmentants","8":"first","9":"instock","10":"taxable","11":"shipping-taxable","12":"product-type-simple"},"_links":{"self":[{"href":"http:\/\/www.yespara.tn\/index.php?rest_route=\/wp\/v2\/product\/3822","targetHints":{"allow":["GET"]}}],"collection":[{"href":"http:\/\/www.yespara.tn\/index.php?rest_route=\/wp\/v2\/product"}],"about":[{"href":"http:\/\/www.yespara.tn\/index.php?rest_route=\/wp\/v2\/types\/product"}],"replies":[{"embeddable":true,"href":"http:\/\/www.yespara.tn\/index.php?rest_route=%2Fwp%2Fv2%2Fcomments&post=3822"}],"wp:featuredmedia":[{"embeddable":true,"href":"http:\/\/www.yespara.tn\/index.php?rest_route=\/wp\/v2\/media\/3821"}],"wp:attachment":[{"href":"http:\/\/www.yespara.tn\/index.php?rest_route=%2Fwp%2Fv2%2Fmedia&parent=3822"}],"wp:term":[{"taxonomy":"product_brand","embeddable":true,"href":"http:\/\/www.yespara.tn\/index.php?rest_route=%2Fwp%2Fv2%2Fproduct_brand&post=3822"},{"taxonomy":"product_cat","embeddable":true,"href":"http:\/\/www.yespara.tn\/index.php?rest_route=%2Fwp%2Fv2%2Fproduct_cat&post=3822"},{"taxonomy":"product_tag","embeddable":true,"href":"http:\/\/www.yespara.tn\/index.php?rest_route=%2Fwp%2Fv2%2Fproduct_tag&post=3822"}],"curies":[{"name":"wp","href":"https:\/\/api.w.org\/{rel}","templated":true}]}}