{"id":3820,"date":"2026-02-28T11:18:22","date_gmt":"2026-02-28T10:18:22","guid":{"rendered":"http:\/\/198.46.190.232\/mypara\/?product=dermedic-melumin-creme-de-nuit-concentree-anti-taches-55gr"},"modified":"2026-02-28T11:18:22","modified_gmt":"2026-02-28T10:18:22","slug":"dermedic-melumin-creme-de-nuit-concentree-anti-taches-55gr","status":"publish","type":"product","link":"http:\/\/www.yespara.tn\/?product=dermedic-melumin-creme-de-nuit-concentree-anti-taches-55gr","title":{"rendered":"dermedic melumin creme de nuit concentree anti-taches 55gr"},"content":{"rendered":"<p>R\u00e9sultat : une r\u00e9duction visible de la production de m\u00e9lanine (Responsable des t\u00e2ches et de la pigmentation de la peau) jusqu\u2019\u00e0 l\u2019\u00e9limination totale de son transfert vers l\u2019\u00e9piderme.<\/p>\n","protected":false},"excerpt":{"rendered":"<p>Cette Cr\u00e9me anti tache de nuit\u00a0 permet de\u00a0Fournir\u00a0une protection \u00e0 plusieurs niveaux contre les d\u00e9colorations ,Illuminer les taches d\u2019hyperpigmentation existantes<\/p>\n","protected":false},"featured_media":3819,"comment_status":"open","ping_status":"closed","template":"","meta":[],"product_brand":[],"product_cat":[2988],"product_tag":[],"class_list":{"0":"post-3820","1":"product","2":"type-product","3":"status-publish","4":"has-post-thumbnail","6":"product_cat-dermedic-soins-visage-soins-anti-taches-et-depigmentants","8":"first","9":"instock","10":"taxable","11":"shipping-taxable","12":"product-type-simple"},"_links":{"self":[{"href":"http:\/\/www.yespara.tn\/index.php?rest_route=\/wp\/v2\/product\/3820","targetHints":{"allow":["GET"]}}],"collection":[{"href":"http:\/\/www.yespara.tn\/index.php?rest_route=\/wp\/v2\/product"}],"about":[{"href":"http:\/\/www.yespara.tn\/index.php?rest_route=\/wp\/v2\/types\/product"}],"replies":[{"embeddable":true,"href":"http:\/\/www.yespara.tn\/index.php?rest_route=%2Fwp%2Fv2%2Fcomments&post=3820"}],"wp:featuredmedia":[{"embeddable":true,"href":"http:\/\/www.yespara.tn\/index.php?rest_route=\/wp\/v2\/media\/3819"}],"wp:attachment":[{"href":"http:\/\/www.yespara.tn\/index.php?rest_route=%2Fwp%2Fv2%2Fmedia&parent=3820"}],"wp:term":[{"taxonomy":"product_brand","embeddable":true,"href":"http:\/\/www.yespara.tn\/index.php?rest_route=%2Fwp%2Fv2%2Fproduct_brand&post=3820"},{"taxonomy":"product_cat","embeddable":true,"href":"http:\/\/www.yespara.tn\/index.php?rest_route=%2Fwp%2Fv2%2Fproduct_cat&post=3820"},{"taxonomy":"product_tag","embeddable":true,"href":"http:\/\/www.yespara.tn\/index.php?rest_route=%2Fwp%2Fv2%2Fproduct_tag&post=3820"}],"curies":[{"name":"wp","href":"https:\/\/api.w.org\/{rel}","templated":true}]}}