{"id":3814,"date":"2026-02-28T11:18:17","date_gmt":"2026-02-28T10:18:17","guid":{"rendered":"http:\/\/198.46.190.232\/mypara\/?product=hyfac-mousse-nettoyante-exfoliante-150ml"},"modified":"2026-02-28T11:18:17","modified_gmt":"2026-02-28T10:18:17","slug":"hyfac-mousse-nettoyante-exfoliante-150ml","status":"publish","type":"product","link":"http:\/\/www.yespara.tn\/?product=hyfac-mousse-nettoyante-exfoliante-150ml","title":{"rendered":"hyfac mousse nettoyante exfoliante 150ml"},"content":{"rendered":"","protected":false},"excerpt":{"rendered":"<p>HYFAC Mousse nettoyante aux AHA. Visage. Peaux grasses. Peaus jeunes \u00e0 probl\u00e8mes. Hypoallerg\u00e9nique. Sans paraben 150 ml<\/p>\n","protected":false},"featured_media":3813,"comment_status":"open","ping_status":"closed","template":"","meta":[],"product_brand":[],"product_cat":[2128,2985,2640,2596],"product_tag":[],"class_list":{"0":"post-3814","1":"product","2":"type-product","3":"status-publish","4":"has-post-thumbnail","6":"product_cat-demaquillants","7":"product_cat-hyfac-soins-visage-emulsion","8":"product_cat-lait-nettoyants-visage","9":"product_cat-mousse","11":"first","12":"instock","13":"taxable","14":"shipping-taxable","15":"product-type-simple"},"_links":{"self":[{"href":"http:\/\/www.yespara.tn\/index.php?rest_route=\/wp\/v2\/product\/3814","targetHints":{"allow":["GET"]}}],"collection":[{"href":"http:\/\/www.yespara.tn\/index.php?rest_route=\/wp\/v2\/product"}],"about":[{"href":"http:\/\/www.yespara.tn\/index.php?rest_route=\/wp\/v2\/types\/product"}],"replies":[{"embeddable":true,"href":"http:\/\/www.yespara.tn\/index.php?rest_route=%2Fwp%2Fv2%2Fcomments&post=3814"}],"wp:featuredmedia":[{"embeddable":true,"href":"http:\/\/www.yespara.tn\/index.php?rest_route=\/wp\/v2\/media\/3813"}],"wp:attachment":[{"href":"http:\/\/www.yespara.tn\/index.php?rest_route=%2Fwp%2Fv2%2Fmedia&parent=3814"}],"wp:term":[{"taxonomy":"product_brand","embeddable":true,"href":"http:\/\/www.yespara.tn\/index.php?rest_route=%2Fwp%2Fv2%2Fproduct_brand&post=3814"},{"taxonomy":"product_cat","embeddable":true,"href":"http:\/\/www.yespara.tn\/index.php?rest_route=%2Fwp%2Fv2%2Fproduct_cat&post=3814"},{"taxonomy":"product_tag","embeddable":true,"href":"http:\/\/www.yespara.tn\/index.php?rest_route=%2Fwp%2Fv2%2Fproduct_tag&post=3814"}],"curies":[{"name":"wp","href":"https:\/\/api.w.org\/{rel}","templated":true}]}}