{"id":3812,"date":"2026-02-28T11:18:16","date_gmt":"2026-02-28T10:18:16","guid":{"rendered":"http:\/\/198.46.190.232\/mypara\/?product=hyfac-hydrafac-creme-legere-40ml"},"modified":"2026-02-28T11:18:16","modified_gmt":"2026-02-28T10:18:16","slug":"hyfac-hydrafac-creme-legere-40ml","status":"publish","type":"product","link":"http:\/\/www.yespara.tn\/?product=hyfac-hydrafac-creme-legere-40ml","title":{"rendered":"Hyfac Hydrafac Creme Legere 40ml"},"content":{"rendered":"","protected":false},"excerpt":{"rendered":"<p>HYDRAFAC\u00ae l\u00e9g\u00e8re convient particuli\u00e8rement aux peaux mixtes, ou pour l\u2019\u00e9t\u00e9, ou comme base de maquillage le matin<\/p>\n","protected":false},"featured_media":3811,"comment_status":"open","ping_status":"closed","template":"","meta":[],"product_brand":[],"product_cat":[2984],"product_tag":[],"class_list":{"0":"post-3812","1":"product","2":"type-product","3":"status-publish","4":"has-post-thumbnail","6":"product_cat-hyfac-soins-visage-soins-hydratants-et-nourrissants-peaux-normales-a-mixtes","8":"first","9":"instock","10":"taxable","11":"shipping-taxable","12":"product-type-simple"},"_links":{"self":[{"href":"http:\/\/www.yespara.tn\/index.php?rest_route=\/wp\/v2\/product\/3812","targetHints":{"allow":["GET"]}}],"collection":[{"href":"http:\/\/www.yespara.tn\/index.php?rest_route=\/wp\/v2\/product"}],"about":[{"href":"http:\/\/www.yespara.tn\/index.php?rest_route=\/wp\/v2\/types\/product"}],"replies":[{"embeddable":true,"href":"http:\/\/www.yespara.tn\/index.php?rest_route=%2Fwp%2Fv2%2Fcomments&post=3812"}],"wp:featuredmedia":[{"embeddable":true,"href":"http:\/\/www.yespara.tn\/index.php?rest_route=\/wp\/v2\/media\/3811"}],"wp:attachment":[{"href":"http:\/\/www.yespara.tn\/index.php?rest_route=%2Fwp%2Fv2%2Fmedia&parent=3812"}],"wp:term":[{"taxonomy":"product_brand","embeddable":true,"href":"http:\/\/www.yespara.tn\/index.php?rest_route=%2Fwp%2Fv2%2Fproduct_brand&post=3812"},{"taxonomy":"product_cat","embeddable":true,"href":"http:\/\/www.yespara.tn\/index.php?rest_route=%2Fwp%2Fv2%2Fproduct_cat&post=3812"},{"taxonomy":"product_tag","embeddable":true,"href":"http:\/\/www.yespara.tn\/index.php?rest_route=%2Fwp%2Fv2%2Fproduct_tag&post=3812"}],"curies":[{"name":"wp","href":"https:\/\/api.w.org\/{rel}","templated":true}]}}