{"id":3810,"date":"2026-02-28T11:18:15","date_gmt":"2026-02-28T10:18:15","guid":{"rendered":"http:\/\/198.46.190.232\/mypara\/?product=hyfac-hydrafac-creme-riche-40ml"},"modified":"2026-02-28T11:18:15","modified_gmt":"2026-02-28T10:18:15","slug":"hyfac-hydrafac-creme-riche-40ml","status":"publish","type":"product","link":"http:\/\/www.yespara.tn\/?product=hyfac-hydrafac-creme-riche-40ml","title":{"rendered":"hyfac hydrafac creme riche 40ml"},"content":{"rendered":"","protected":false},"excerpt":{"rendered":"<p>HYDRAFAC\u00ae cr\u00e8me riche convient particuli\u00e8rement aux peaux s\u00e8ches ou en p\u00e9riode hivernale ou comme cr\u00e8me de nuit<\/p>\n","protected":false},"featured_media":3809,"comment_status":"open","ping_status":"closed","template":"","meta":[],"product_brand":[],"product_cat":[2983],"product_tag":[],"class_list":{"0":"post-3810","1":"product","2":"type-product","3":"status-publish","4":"has-post-thumbnail","6":"product_cat-hyfac-soins-visage-soins-hydratants-et-nourrissants-peaux-seches","8":"first","9":"instock","10":"taxable","11":"shipping-taxable","12":"product-type-simple"},"_links":{"self":[{"href":"http:\/\/www.yespara.tn\/index.php?rest_route=\/wp\/v2\/product\/3810","targetHints":{"allow":["GET"]}}],"collection":[{"href":"http:\/\/www.yespara.tn\/index.php?rest_route=\/wp\/v2\/product"}],"about":[{"href":"http:\/\/www.yespara.tn\/index.php?rest_route=\/wp\/v2\/types\/product"}],"replies":[{"embeddable":true,"href":"http:\/\/www.yespara.tn\/index.php?rest_route=%2Fwp%2Fv2%2Fcomments&post=3810"}],"wp:featuredmedia":[{"embeddable":true,"href":"http:\/\/www.yespara.tn\/index.php?rest_route=\/wp\/v2\/media\/3809"}],"wp:attachment":[{"href":"http:\/\/www.yespara.tn\/index.php?rest_route=%2Fwp%2Fv2%2Fmedia&parent=3810"}],"wp:term":[{"taxonomy":"product_brand","embeddable":true,"href":"http:\/\/www.yespara.tn\/index.php?rest_route=%2Fwp%2Fv2%2Fproduct_brand&post=3810"},{"taxonomy":"product_cat","embeddable":true,"href":"http:\/\/www.yespara.tn\/index.php?rest_route=%2Fwp%2Fv2%2Fproduct_cat&post=3810"},{"taxonomy":"product_tag","embeddable":true,"href":"http:\/\/www.yespara.tn\/index.php?rest_route=%2Fwp%2Fv2%2Fproduct_tag&post=3810"}],"curies":[{"name":"wp","href":"https:\/\/api.w.org\/{rel}","templated":true}]}}