{"id":3808,"date":"2026-02-28T11:18:12","date_gmt":"2026-02-28T10:18:12","guid":{"rendered":"http:\/\/198.46.190.232\/mypara\/?product=hyfac-clarifac-soin-anti-taches-40ml"},"modified":"2026-02-28T11:18:12","modified_gmt":"2026-02-28T10:18:12","slug":"hyfac-clarifac-soin-anti-taches-40ml","status":"publish","type":"product","link":"http:\/\/www.yespara.tn\/?product=hyfac-clarifac-soin-anti-taches-40ml","title":{"rendered":"hyfac clarifac soin anti taches 40ml"},"content":{"rendered":"","protected":false},"excerpt":{"rendered":"<p>Le soin anti-taches Clarifac de la marque Hyfac est un soin pour le visage destin\u00e9 aux peaux qui pr\u00e9sentent des taches pigment\u00e9es dues \u00e0 l\u2019exposition au soleil, \u00e0 l\u2019\u00e2ge, \u00e0 un traitement m\u00e9dicamenteux ou \u00e0 des cicatrices r\u00e9siduelles d\u2019acn\u00e9.<\/p>\n","protected":false},"featured_media":3807,"comment_status":"open","ping_status":"closed","template":"","meta":[],"product_brand":[],"product_cat":[2982],"product_tag":[],"class_list":{"0":"post-3808","1":"product","2":"type-product","3":"status-publish","4":"has-post-thumbnail","6":"product_cat-hyfac-soins-visage-soins-anti-taches-et-depigmentants","8":"first","9":"instock","10":"taxable","11":"shipping-taxable","12":"product-type-simple"},"_links":{"self":[{"href":"http:\/\/www.yespara.tn\/index.php?rest_route=\/wp\/v2\/product\/3808","targetHints":{"allow":["GET"]}}],"collection":[{"href":"http:\/\/www.yespara.tn\/index.php?rest_route=\/wp\/v2\/product"}],"about":[{"href":"http:\/\/www.yespara.tn\/index.php?rest_route=\/wp\/v2\/types\/product"}],"replies":[{"embeddable":true,"href":"http:\/\/www.yespara.tn\/index.php?rest_route=%2Fwp%2Fv2%2Fcomments&post=3808"}],"wp:featuredmedia":[{"embeddable":true,"href":"http:\/\/www.yespara.tn\/index.php?rest_route=\/wp\/v2\/media\/3807"}],"wp:attachment":[{"href":"http:\/\/www.yespara.tn\/index.php?rest_route=%2Fwp%2Fv2%2Fmedia&parent=3808"}],"wp:term":[{"taxonomy":"product_brand","embeddable":true,"href":"http:\/\/www.yespara.tn\/index.php?rest_route=%2Fwp%2Fv2%2Fproduct_brand&post=3808"},{"taxonomy":"product_cat","embeddable":true,"href":"http:\/\/www.yespara.tn\/index.php?rest_route=%2Fwp%2Fv2%2Fproduct_cat&post=3808"},{"taxonomy":"product_tag","embeddable":true,"href":"http:\/\/www.yespara.tn\/index.php?rest_route=%2Fwp%2Fv2%2Fproduct_tag&post=3808"}],"curies":[{"name":"wp","href":"https:\/\/api.w.org\/{rel}","templated":true}]}}