{"id":3806,"date":"2026-02-28T11:18:10","date_gmt":"2026-02-28T10:18:10","guid":{"rendered":"http:\/\/198.46.190.232\/mypara\/?product=pharmaceris-mousse-apaisante-a-puri-sensilium-150ml"},"modified":"2026-02-28T11:18:10","modified_gmt":"2026-02-28T10:18:10","slug":"pharmaceris-mousse-apaisante-a-puri-sensilium-150ml","status":"publish","type":"product","link":"http:\/\/www.yespara.tn\/?product=pharmaceris-mousse-apaisante-a-puri-sensilium-150ml","title":{"rendered":"pharmaceris mousse apaisante a puri-sensilium 150ml"},"content":{"rendered":"","protected":false},"excerpt":{"rendered":"<p>Cette mousse pour le nettoyage quotidien du visage et du contour des yeux est recommand\u00e9e pour les peaux particuli\u00e8rement sensibles et sujettes aux allergies. Le produit convient aux peaux de tous \u00e2ges. Il remplace le savon traditionnel.<\/p>\n","protected":false},"featured_media":3805,"comment_status":"open","ping_status":"closed","template":"","meta":[],"product_brand":[],"product_cat":[2128,2150],"product_tag":[],"class_list":{"0":"post-3806","1":"product","2":"type-product","3":"status-publish","4":"has-post-thumbnail","6":"product_cat-demaquillants","7":"product_cat-soins-visage-gels-nettoyants","9":"first","10":"instock","11":"taxable","12":"shipping-taxable","13":"product-type-simple"},"_links":{"self":[{"href":"http:\/\/www.yespara.tn\/index.php?rest_route=\/wp\/v2\/product\/3806","targetHints":{"allow":["GET"]}}],"collection":[{"href":"http:\/\/www.yespara.tn\/index.php?rest_route=\/wp\/v2\/product"}],"about":[{"href":"http:\/\/www.yespara.tn\/index.php?rest_route=\/wp\/v2\/types\/product"}],"replies":[{"embeddable":true,"href":"http:\/\/www.yespara.tn\/index.php?rest_route=%2Fwp%2Fv2%2Fcomments&post=3806"}],"wp:featuredmedia":[{"embeddable":true,"href":"http:\/\/www.yespara.tn\/index.php?rest_route=\/wp\/v2\/media\/3805"}],"wp:attachment":[{"href":"http:\/\/www.yespara.tn\/index.php?rest_route=%2Fwp%2Fv2%2Fmedia&parent=3806"}],"wp:term":[{"taxonomy":"product_brand","embeddable":true,"href":"http:\/\/www.yespara.tn\/index.php?rest_route=%2Fwp%2Fv2%2Fproduct_brand&post=3806"},{"taxonomy":"product_cat","embeddable":true,"href":"http:\/\/www.yespara.tn\/index.php?rest_route=%2Fwp%2Fv2%2Fproduct_cat&post=3806"},{"taxonomy":"product_tag","embeddable":true,"href":"http:\/\/www.yespara.tn\/index.php?rest_route=%2Fwp%2Fv2%2Fproduct_tag&post=3806"}],"curies":[{"name":"wp","href":"https:\/\/api.w.org\/{rel}","templated":true}]}}