{"id":3792,"date":"2026-02-28T11:18:01","date_gmt":"2026-02-28T10:18:01","guid":{"rendered":"http:\/\/198.46.190.232\/mypara\/?product=penta-c-crema-25-ml"},"modified":"2026-02-28T11:18:01","modified_gmt":"2026-02-28T10:18:01","slug":"penta-c-crema-25-ml","status":"publish","type":"product","link":"http:\/\/www.yespara.tn\/?product=penta-c-crema-25-ml","title":{"rendered":"penta c crema 25 ml"},"content":{"rendered":"","protected":false},"excerpt":{"rendered":"<p>Cr\u00e8me C \u00e0 la vitamine E, traitement sp\u00e9cifique pour les peaux s\u00e8ches et desquam\u00e2tes<\/p>\n","protected":false},"featured_media":3791,"comment_status":"open","ping_status":"closed","template":"","meta":[],"product_brand":[],"product_cat":[2971],"product_tag":[],"class_list":{"0":"post-3792","1":"product","2":"type-product","3":"status-publish","4":"has-post-thumbnail","6":"product_cat-penta-medical-peaux-seches","8":"first","9":"instock","10":"taxable","11":"shipping-taxable","12":"product-type-simple"},"_links":{"self":[{"href":"http:\/\/www.yespara.tn\/index.php?rest_route=\/wp\/v2\/product\/3792","targetHints":{"allow":["GET"]}}],"collection":[{"href":"http:\/\/www.yespara.tn\/index.php?rest_route=\/wp\/v2\/product"}],"about":[{"href":"http:\/\/www.yespara.tn\/index.php?rest_route=\/wp\/v2\/types\/product"}],"replies":[{"embeddable":true,"href":"http:\/\/www.yespara.tn\/index.php?rest_route=%2Fwp%2Fv2%2Fcomments&post=3792"}],"wp:featuredmedia":[{"embeddable":true,"href":"http:\/\/www.yespara.tn\/index.php?rest_route=\/wp\/v2\/media\/3791"}],"wp:attachment":[{"href":"http:\/\/www.yespara.tn\/index.php?rest_route=%2Fwp%2Fv2%2Fmedia&parent=3792"}],"wp:term":[{"taxonomy":"product_brand","embeddable":true,"href":"http:\/\/www.yespara.tn\/index.php?rest_route=%2Fwp%2Fv2%2Fproduct_brand&post=3792"},{"taxonomy":"product_cat","embeddable":true,"href":"http:\/\/www.yespara.tn\/index.php?rest_route=%2Fwp%2Fv2%2Fproduct_cat&post=3792"},{"taxonomy":"product_tag","embeddable":true,"href":"http:\/\/www.yespara.tn\/index.php?rest_route=%2Fwp%2Fv2%2Fproduct_tag&post=3792"}],"curies":[{"name":"wp","href":"https:\/\/api.w.org\/{rel}","templated":true}]}}