{"id":3784,"date":"2026-02-28T11:17:55","date_gmt":"2026-02-28T10:17:55","guid":{"rendered":"http:\/\/198.46.190.232\/mypara\/?product=dermacare-purenet-creme-matifiante-40-ml"},"modified":"2026-02-28T11:17:55","modified_gmt":"2026-02-28T10:17:55","slug":"dermacare-purenet-creme-matifiante-40-ml","status":"publish","type":"product","link":"http:\/\/www.yespara.tn\/?product=dermacare-purenet-creme-matifiante-40-ml","title":{"rendered":"dermacare purenet creme matifiante 40 ml"},"content":{"rendered":"","protected":false},"excerpt":{"rendered":"<p>Purnet skin cr\u00e8me matifiante est un soin quotidien pour les peaux mixtes \u00e0 grasses. Elle \u00e9vite l\u2019effet brillant d\u00f9 \u00e0 l\u2019exc\u00e8s de s\u00e9bum.<\/p>\n","protected":false},"featured_media":3783,"comment_status":"open","ping_status":"closed","template":"","meta":[],"product_brand":[],"product_cat":[2964],"product_tag":[],"class_list":{"0":"post-3784","1":"product","2":"type-product","3":"status-publish","4":"has-post-thumbnail","6":"product_cat-dermacare-soins-visage-creme-peau-grasse","8":"first","9":"instock","10":"taxable","11":"shipping-taxable","12":"product-type-simple"},"_links":{"self":[{"href":"http:\/\/www.yespara.tn\/index.php?rest_route=\/wp\/v2\/product\/3784","targetHints":{"allow":["GET"]}}],"collection":[{"href":"http:\/\/www.yespara.tn\/index.php?rest_route=\/wp\/v2\/product"}],"about":[{"href":"http:\/\/www.yespara.tn\/index.php?rest_route=\/wp\/v2\/types\/product"}],"replies":[{"embeddable":true,"href":"http:\/\/www.yespara.tn\/index.php?rest_route=%2Fwp%2Fv2%2Fcomments&post=3784"}],"wp:featuredmedia":[{"embeddable":true,"href":"http:\/\/www.yespara.tn\/index.php?rest_route=\/wp\/v2\/media\/3783"}],"wp:attachment":[{"href":"http:\/\/www.yespara.tn\/index.php?rest_route=%2Fwp%2Fv2%2Fmedia&parent=3784"}],"wp:term":[{"taxonomy":"product_brand","embeddable":true,"href":"http:\/\/www.yespara.tn\/index.php?rest_route=%2Fwp%2Fv2%2Fproduct_brand&post=3784"},{"taxonomy":"product_cat","embeddable":true,"href":"http:\/\/www.yespara.tn\/index.php?rest_route=%2Fwp%2Fv2%2Fproduct_cat&post=3784"},{"taxonomy":"product_tag","embeddable":true,"href":"http:\/\/www.yespara.tn\/index.php?rest_route=%2Fwp%2Fv2%2Fproduct_tag&post=3784"}],"curies":[{"name":"wp","href":"https:\/\/api.w.org\/{rel}","templated":true}]}}