{"id":3778,"date":"2026-02-28T11:17:47","date_gmt":"2026-02-28T10:17:47","guid":{"rendered":"http:\/\/198.46.190.232\/mypara\/?product=babe-stop-akn-creme-hydratante-matifiante-50-ml"},"modified":"2026-02-28T12:44:41","modified_gmt":"2026-02-28T11:44:41","slug":"babe-stop-akn-creme-hydratante-matifiante-50-ml","status":"publish","type":"product","link":"http:\/\/www.yespara.tn\/?product=babe-stop-akn-creme-hydratante-matifiante-50-ml","title":{"rendered":"babe stop akn creme hydratante matifiante 50 ml"},"content":{"rendered":"","protected":false},"excerpt":{"rendered":"<p>La cr\u00e8me hydratante matifiante Bab\u00e9 Stop AKN 50ml est une \u00e9mulsion l\u00e9g\u00e8re qui hydrate et matifie la peau, tout en r\u00e9gulant la production de graisse et en pr\u00e9venant l\u2019apparition d\u2019imperfections. Sa formule avec 4% de Niacinamide garantit une action antibiotique contre les bact\u00e9ries de l\u2019acn\u00e9, mais sans provoquer de r\u00e9sistance bact\u00e9rienne.<\/p>\n","protected":false},"featured_media":3777,"comment_status":"open","ping_status":"closed","template":"","meta":[],"product_brand":[],"product_cat":[2961],"product_tag":[],"class_list":{"0":"post-3778","1":"product","2":"type-product","3":"status-publish","4":"has-post-thumbnail","6":"product_cat-babe-soins-hydratants-et-nourrissants-soins-eclaircissants","8":"first","9":"instock","10":"sale","11":"taxable","12":"shipping-taxable","13":"purchasable","14":"product-type-simple"},"_links":{"self":[{"href":"http:\/\/www.yespara.tn\/index.php?rest_route=\/wp\/v2\/product\/3778","targetHints":{"allow":["GET"]}}],"collection":[{"href":"http:\/\/www.yespara.tn\/index.php?rest_route=\/wp\/v2\/product"}],"about":[{"href":"http:\/\/www.yespara.tn\/index.php?rest_route=\/wp\/v2\/types\/product"}],"replies":[{"embeddable":true,"href":"http:\/\/www.yespara.tn\/index.php?rest_route=%2Fwp%2Fv2%2Fcomments&post=3778"}],"wp:featuredmedia":[{"embeddable":true,"href":"http:\/\/www.yespara.tn\/index.php?rest_route=\/wp\/v2\/media\/3777"}],"wp:attachment":[{"href":"http:\/\/www.yespara.tn\/index.php?rest_route=%2Fwp%2Fv2%2Fmedia&parent=3778"}],"wp:term":[{"taxonomy":"product_brand","embeddable":true,"href":"http:\/\/www.yespara.tn\/index.php?rest_route=%2Fwp%2Fv2%2Fproduct_brand&post=3778"},{"taxonomy":"product_cat","embeddable":true,"href":"http:\/\/www.yespara.tn\/index.php?rest_route=%2Fwp%2Fv2%2Fproduct_cat&post=3778"},{"taxonomy":"product_tag","embeddable":true,"href":"http:\/\/www.yespara.tn\/index.php?rest_route=%2Fwp%2Fv2%2Fproduct_tag&post=3778"}],"curies":[{"name":"wp","href":"https:\/\/api.w.org\/{rel}","templated":true}]}}