{"id":3776,"date":"2026-02-28T11:17:46","date_gmt":"2026-02-28T10:17:46","guid":{"rendered":"http:\/\/198.46.190.232\/mypara\/?product=babe-stop-akn-hydraatant-reparateur-50-ml"},"modified":"2026-03-04T00:49:01","modified_gmt":"2026-03-03T23:49:01","slug":"babe-stop-akn-hydraatant-reparateur-50-ml","status":"publish","type":"product","link":"http:\/\/www.yespara.tn\/?product=babe-stop-akn-hydraatant-reparateur-50-ml","title":{"rendered":"babe stop akn hydraatant reparateur 50 ml"},"content":{"rendered":"","protected":false},"excerpt":{"rendered":"<p>L\u2019hydratant revitalisant pour le visage aide \u00e0 combattre les probl\u00e8mes de peau comme l\u2019acn\u00e9 gr\u00e2ce \u00e0 son ingr\u00e9dient niacinamide.<\/p>\n","protected":false},"featured_media":3775,"comment_status":"open","ping_status":"closed","template":"","meta":[],"product_brand":[],"product_cat":[2960],"product_tag":[],"class_list":{"0":"post-3776","1":"product","2":"type-product","3":"status-publish","4":"has-post-thumbnail","6":"product_cat-babe-peaux-sensibles","8":"first","9":"outofstock","10":"sale","11":"taxable","12":"shipping-taxable","13":"purchasable","14":"product-type-simple"},"_links":{"self":[{"href":"http:\/\/www.yespara.tn\/index.php?rest_route=\/wp\/v2\/product\/3776","targetHints":{"allow":["GET"]}}],"collection":[{"href":"http:\/\/www.yespara.tn\/index.php?rest_route=\/wp\/v2\/product"}],"about":[{"href":"http:\/\/www.yespara.tn\/index.php?rest_route=\/wp\/v2\/types\/product"}],"replies":[{"embeddable":true,"href":"http:\/\/www.yespara.tn\/index.php?rest_route=%2Fwp%2Fv2%2Fcomments&post=3776"}],"wp:featuredmedia":[{"embeddable":true,"href":"http:\/\/www.yespara.tn\/index.php?rest_route=\/wp\/v2\/media\/3775"}],"wp:attachment":[{"href":"http:\/\/www.yespara.tn\/index.php?rest_route=%2Fwp%2Fv2%2Fmedia&parent=3776"}],"wp:term":[{"taxonomy":"product_brand","embeddable":true,"href":"http:\/\/www.yespara.tn\/index.php?rest_route=%2Fwp%2Fv2%2Fproduct_brand&post=3776"},{"taxonomy":"product_cat","embeddable":true,"href":"http:\/\/www.yespara.tn\/index.php?rest_route=%2Fwp%2Fv2%2Fproduct_cat&post=3776"},{"taxonomy":"product_tag","embeddable":true,"href":"http:\/\/www.yespara.tn\/index.php?rest_route=%2Fwp%2Fv2%2Fproduct_tag&post=3776"}],"curies":[{"name":"wp","href":"https:\/\/api.w.org\/{rel}","templated":true}]}}