{"id":3774,"date":"2026-02-28T11:17:44","date_gmt":"2026-02-28T10:17:44","guid":{"rendered":"http:\/\/198.46.190.232\/mypara\/?product=babe-stop-akn-fluide-keratolytique-30ml"},"modified":"2026-03-04T00:49:01","modified_gmt":"2026-03-03T23:49:01","slug":"babe-stop-akn-fluide-keratolytique-30ml","status":"publish","type":"product","link":"http:\/\/www.yespara.tn\/?product=babe-stop-akn-fluide-keratolytique-30ml","title":{"rendered":"babe stop akn fluide keratolytique 30ml"},"content":{"rendered":"","protected":false},"excerpt":{"rendered":"<p>Gel fluide \u00e0\u00a013% d\u2019acide glycolique\u00a0(\u00e9quivalent \u00e0 7% d\u2019acide glycolique libre) qui\u00a0r\u00e9g\u00e9n\u00e8re et renouvelle la peau de l\u2019int\u00e9rieur. Cela\u00a0r\u00e9duit les imperfections et les marques caus\u00e9es par l\u2019acn\u00e9.<\/p>\n","protected":false},"featured_media":3773,"comment_status":"open","ping_status":"closed","template":"","meta":[],"product_brand":[],"product_cat":[2959],"product_tag":[],"class_list":{"0":"post-3774","1":"product","2":"type-product","3":"status-publish","4":"has-post-thumbnail","6":"product_cat-babe-soins-peaux-a-imperfections-2","8":"first","9":"outofstock","10":"sale","11":"taxable","12":"shipping-taxable","13":"purchasable","14":"product-type-simple"},"_links":{"self":[{"href":"http:\/\/www.yespara.tn\/index.php?rest_route=\/wp\/v2\/product\/3774","targetHints":{"allow":["GET"]}}],"collection":[{"href":"http:\/\/www.yespara.tn\/index.php?rest_route=\/wp\/v2\/product"}],"about":[{"href":"http:\/\/www.yespara.tn\/index.php?rest_route=\/wp\/v2\/types\/product"}],"replies":[{"embeddable":true,"href":"http:\/\/www.yespara.tn\/index.php?rest_route=%2Fwp%2Fv2%2Fcomments&post=3774"}],"wp:featuredmedia":[{"embeddable":true,"href":"http:\/\/www.yespara.tn\/index.php?rest_route=\/wp\/v2\/media\/3773"}],"wp:attachment":[{"href":"http:\/\/www.yespara.tn\/index.php?rest_route=%2Fwp%2Fv2%2Fmedia&parent=3774"}],"wp:term":[{"taxonomy":"product_brand","embeddable":true,"href":"http:\/\/www.yespara.tn\/index.php?rest_route=%2Fwp%2Fv2%2Fproduct_brand&post=3774"},{"taxonomy":"product_cat","embeddable":true,"href":"http:\/\/www.yespara.tn\/index.php?rest_route=%2Fwp%2Fv2%2Fproduct_cat&post=3774"},{"taxonomy":"product_tag","embeddable":true,"href":"http:\/\/www.yespara.tn\/index.php?rest_route=%2Fwp%2Fv2%2Fproduct_tag&post=3774"}],"curies":[{"name":"wp","href":"https:\/\/api.w.org\/{rel}","templated":true}]}}