{"id":3770,"date":"2026-02-28T11:17:42","date_gmt":"2026-02-28T10:17:42","guid":{"rendered":"http:\/\/198.46.190.232\/mypara\/?product=babe-sunscreen-solaire-spf50-50ml-peau-normale-seche"},"modified":"2026-02-28T11:17:42","modified_gmt":"2026-02-28T10:17:42","slug":"babe-sunscreen-solaire-spf50-50ml-peau-normale-seche","status":"publish","type":"product","link":"http:\/\/www.yespara.tn\/?product=babe-sunscreen-solaire-spf50-50ml-peau-normale-seche","title":{"rendered":"babe sunscreen solaire spf50+ 50ml peau normale\/seche"},"content":{"rendered":"","protected":false},"excerpt":{"rendered":"<p>Babe la cr\u00e8me solaire SPF 50+ une barri\u00e8re invisible pour prot\u00e9ger la peau des effets n\u00e9gatifs des rayons UV.<\/p>\n","protected":false},"featured_media":3769,"comment_status":"open","ping_status":"closed","template":"","meta":[],"product_brand":[],"product_cat":[2957],"product_tag":[],"class_list":{"0":"post-3770","1":"product","2":"type-product","3":"status-publish","4":"has-post-thumbnail","6":"product_cat-babe-soins-visage-soins-hydratants-et-nourrissants-soins-anti-age-et-anti-rides-2","8":"first","9":"instock","10":"taxable","11":"shipping-taxable","12":"product-type-simple"},"_links":{"self":[{"href":"http:\/\/www.yespara.tn\/index.php?rest_route=\/wp\/v2\/product\/3770","targetHints":{"allow":["GET"]}}],"collection":[{"href":"http:\/\/www.yespara.tn\/index.php?rest_route=\/wp\/v2\/product"}],"about":[{"href":"http:\/\/www.yespara.tn\/index.php?rest_route=\/wp\/v2\/types\/product"}],"replies":[{"embeddable":true,"href":"http:\/\/www.yespara.tn\/index.php?rest_route=%2Fwp%2Fv2%2Fcomments&post=3770"}],"wp:featuredmedia":[{"embeddable":true,"href":"http:\/\/www.yespara.tn\/index.php?rest_route=\/wp\/v2\/media\/3769"}],"wp:attachment":[{"href":"http:\/\/www.yespara.tn\/index.php?rest_route=%2Fwp%2Fv2%2Fmedia&parent=3770"}],"wp:term":[{"taxonomy":"product_brand","embeddable":true,"href":"http:\/\/www.yespara.tn\/index.php?rest_route=%2Fwp%2Fv2%2Fproduct_brand&post=3770"},{"taxonomy":"product_cat","embeddable":true,"href":"http:\/\/www.yespara.tn\/index.php?rest_route=%2Fwp%2Fv2%2Fproduct_cat&post=3770"},{"taxonomy":"product_tag","embeddable":true,"href":"http:\/\/www.yespara.tn\/index.php?rest_route=%2Fwp%2Fv2%2Fproduct_tag&post=3770"}],"curies":[{"name":"wp","href":"https:\/\/api.w.org\/{rel}","templated":true}]}}