{"id":3766,"date":"2026-02-28T11:17:39","date_gmt":"2026-02-28T10:17:39","guid":{"rendered":"http:\/\/198.46.190.232\/mypara\/?product=beesline-gel-nettoyant-eclaircissant-visage-4en1-150ml"},"modified":"2026-02-28T12:44:40","modified_gmt":"2026-02-28T11:44:40","slug":"beesline-gel-nettoyant-eclaircissant-visage-4en1-150ml","status":"publish","type":"product","link":"http:\/\/www.yespara.tn\/?product=beesline-gel-nettoyant-eclaircissant-visage-4en1-150ml","title":{"rendered":"BEESLINE GEL NETTOYANT eclaircissant visage 4EN1 150ml"},"content":{"rendered":"","protected":false},"excerpt":{"rendered":"<p>\ud83c\udf1f Formule avanc\u00e9e 4 en 1 : \u2728 Blanchit \ud83e\uddfc Nettoie \ud83e\uddf4 Exfolie quotidiennement \ud83d\udc86\u200d\u2640\ufe0f Masque de boue hebdomadaire Pour une peau lisse, fra\u00eeche, purifi\u00e9e et \u00e9clatante \ud83d\udca7 Convient \u00e0 tous les types de peau<\/p>\n","protected":false},"featured_media":3765,"comment_status":"open","ping_status":"closed","template":"","meta":[],"product_brand":[],"product_cat":[2955],"product_tag":[],"class_list":{"0":"post-3766","1":"product","2":"type-product","3":"status-publish","4":"has-post-thumbnail","6":"product_cat-beesline-toutes-peaux-2","8":"first","9":"instock","10":"sale","11":"taxable","12":"shipping-taxable","13":"purchasable","14":"product-type-simple"},"_links":{"self":[{"href":"http:\/\/www.yespara.tn\/index.php?rest_route=\/wp\/v2\/product\/3766","targetHints":{"allow":["GET"]}}],"collection":[{"href":"http:\/\/www.yespara.tn\/index.php?rest_route=\/wp\/v2\/product"}],"about":[{"href":"http:\/\/www.yespara.tn\/index.php?rest_route=\/wp\/v2\/types\/product"}],"replies":[{"embeddable":true,"href":"http:\/\/www.yespara.tn\/index.php?rest_route=%2Fwp%2Fv2%2Fcomments&post=3766"}],"wp:featuredmedia":[{"embeddable":true,"href":"http:\/\/www.yespara.tn\/index.php?rest_route=\/wp\/v2\/media\/3765"}],"wp:attachment":[{"href":"http:\/\/www.yespara.tn\/index.php?rest_route=%2Fwp%2Fv2%2Fmedia&parent=3766"}],"wp:term":[{"taxonomy":"product_brand","embeddable":true,"href":"http:\/\/www.yespara.tn\/index.php?rest_route=%2Fwp%2Fv2%2Fproduct_brand&post=3766"},{"taxonomy":"product_cat","embeddable":true,"href":"http:\/\/www.yespara.tn\/index.php?rest_route=%2Fwp%2Fv2%2Fproduct_cat&post=3766"},{"taxonomy":"product_tag","embeddable":true,"href":"http:\/\/www.yespara.tn\/index.php?rest_route=%2Fwp%2Fv2%2Fproduct_tag&post=3766"}],"curies":[{"name":"wp","href":"https:\/\/api.w.org\/{rel}","templated":true}]}}