{"id":3762,"date":"2026-02-28T11:17:37","date_gmt":"2026-02-28T10:17:37","guid":{"rendered":"http:\/\/198.46.190.232\/mypara\/?product=cetaphil-lotion-nettoy-peaux-grasses-pompe-236-ml"},"modified":"2026-02-28T11:17:37","modified_gmt":"2026-02-28T10:17:37","slug":"cetaphil-lotion-nettoy-peaux-grasses-pompe-236-ml","status":"publish","type":"product","link":"http:\/\/www.yespara.tn\/?product=cetaphil-lotion-nettoy-peaux-grasses-pompe-236-ml","title":{"rendered":"Cetaphil lotion nettoy peaux grasses pompe 236 ml"},"content":{"rendered":"","protected":false},"excerpt":{"rendered":"<p>cetaphil lotion nettoy peaux grasses pompe 236 ml offre un nettoyage efficace pour les peaux grasses, mixtes ou \u00e0 imperfections. Sa mousse douce \u00e9limine l\u2019exc\u00e8s de s\u00e9bum, la salet\u00e9, les impuret\u00e9s et le maquillage sans ass\u00e9cher la peau ni provoquer de tiraillements, contrairement aux nettoyants \u00e0 base de savon.<\/p>\n","protected":false},"featured_media":3761,"comment_status":"open","ping_status":"closed","template":"","meta":[],"product_brand":[],"product_cat":[2953,2128],"product_tag":[],"class_list":{"0":"post-3762","1":"product","2":"type-product","3":"status-publish","4":"has-post-thumbnail","6":"product_cat-cetaphil-soins-visage-gels-nettoyants","7":"product_cat-demaquillants","9":"first","10":"instock","11":"taxable","12":"shipping-taxable","13":"product-type-simple"},"_links":{"self":[{"href":"http:\/\/www.yespara.tn\/index.php?rest_route=\/wp\/v2\/product\/3762","targetHints":{"allow":["GET"]}}],"collection":[{"href":"http:\/\/www.yespara.tn\/index.php?rest_route=\/wp\/v2\/product"}],"about":[{"href":"http:\/\/www.yespara.tn\/index.php?rest_route=\/wp\/v2\/types\/product"}],"replies":[{"embeddable":true,"href":"http:\/\/www.yespara.tn\/index.php?rest_route=%2Fwp%2Fv2%2Fcomments&post=3762"}],"wp:featuredmedia":[{"embeddable":true,"href":"http:\/\/www.yespara.tn\/index.php?rest_route=\/wp\/v2\/media\/3761"}],"wp:attachment":[{"href":"http:\/\/www.yespara.tn\/index.php?rest_route=%2Fwp%2Fv2%2Fmedia&parent=3762"}],"wp:term":[{"taxonomy":"product_brand","embeddable":true,"href":"http:\/\/www.yespara.tn\/index.php?rest_route=%2Fwp%2Fv2%2Fproduct_brand&post=3762"},{"taxonomy":"product_cat","embeddable":true,"href":"http:\/\/www.yespara.tn\/index.php?rest_route=%2Fwp%2Fv2%2Fproduct_cat&post=3762"},{"taxonomy":"product_tag","embeddable":true,"href":"http:\/\/www.yespara.tn\/index.php?rest_route=%2Fwp%2Fv2%2Fproduct_tag&post=3762"}],"curies":[{"name":"wp","href":"https:\/\/api.w.org\/{rel}","templated":true}]}}