{"id":3760,"date":"2026-02-28T11:17:35","date_gmt":"2026-02-28T10:17:35","guid":{"rendered":"http:\/\/198.46.190.232\/mypara\/?product=svr-topialyse-baume-protect-200-ml"},"modified":"2026-02-28T11:17:36","modified_gmt":"2026-02-28T10:17:36","slug":"svr-topialyse-baume-protect-200-ml","status":"publish","type":"product","link":"http:\/\/www.yespara.tn\/?product=svr-topialyse-baume-protect-200-ml","title":{"rendered":"SVR topialyse BAUME PROTECT+ 200 ml"},"content":{"rendered":"","protected":false},"excerpt":{"rendered":"<p>Topialyse baume Protect+ peau atopique apaise imm\u00e9diatement et durablement les sensations de d\u00e9mangeaisons pour une peau apais\u00e9e, prot\u00e9g\u00e9e et r\u00e9par\u00e9e durablement.<\/p>\n","protected":false},"featured_media":3759,"comment_status":"open","ping_status":"closed","template":"","meta":[],"product_brand":[],"product_cat":[2952],"product_tag":[],"class_list":{"0":"post-3760","1":"product","2":"type-product","3":"status-publish","4":"has-post-thumbnail","6":"product_cat-svr-soins-hydratants-et-nourrissants-soins-eclaircissants","8":"first","9":"instock","10":"taxable","11":"shipping-taxable","12":"product-type-simple"},"_links":{"self":[{"href":"http:\/\/www.yespara.tn\/index.php?rest_route=\/wp\/v2\/product\/3760","targetHints":{"allow":["GET"]}}],"collection":[{"href":"http:\/\/www.yespara.tn\/index.php?rest_route=\/wp\/v2\/product"}],"about":[{"href":"http:\/\/www.yespara.tn\/index.php?rest_route=\/wp\/v2\/types\/product"}],"replies":[{"embeddable":true,"href":"http:\/\/www.yespara.tn\/index.php?rest_route=%2Fwp%2Fv2%2Fcomments&post=3760"}],"wp:featuredmedia":[{"embeddable":true,"href":"http:\/\/www.yespara.tn\/index.php?rest_route=\/wp\/v2\/media\/3759"}],"wp:attachment":[{"href":"http:\/\/www.yespara.tn\/index.php?rest_route=%2Fwp%2Fv2%2Fmedia&parent=3760"}],"wp:term":[{"taxonomy":"product_brand","embeddable":true,"href":"http:\/\/www.yespara.tn\/index.php?rest_route=%2Fwp%2Fv2%2Fproduct_brand&post=3760"},{"taxonomy":"product_cat","embeddable":true,"href":"http:\/\/www.yespara.tn\/index.php?rest_route=%2Fwp%2Fv2%2Fproduct_cat&post=3760"},{"taxonomy":"product_tag","embeddable":true,"href":"http:\/\/www.yespara.tn\/index.php?rest_route=%2Fwp%2Fv2%2Fproduct_tag&post=3760"}],"curies":[{"name":"wp","href":"https:\/\/api.w.org\/{rel}","templated":true}]}}