{"id":3754,"date":"2026-02-28T11:17:31","date_gmt":"2026-02-28T10:17:31","guid":{"rendered":"http:\/\/198.46.190.232\/mypara\/?product=cetaphil-creme-hydratante-100-gr-2"},"modified":"2026-02-28T11:17:31","modified_gmt":"2026-02-28T10:17:31","slug":"cetaphil-creme-hydratante-100-gr-2","status":"publish","type":"product","link":"http:\/\/www.yespara.tn\/?product=cetaphil-creme-hydratante-100-gr-2","title":{"rendered":"Cetaphil cr\u00e8me hydratante 100 gr"},"content":{"rendered":"","protected":false},"excerpt":{"rendered":"<p>5Cetaphil cr\u00e8me hydratante est destin\u00e9e aux peaux s\u00e8ches et sensibles pour l\u2019hydratation du visage et du corps.<\/p>\n","protected":false},"featured_media":3753,"comment_status":"open","ping_status":"closed","template":"","meta":[],"product_brand":[],"product_cat":[2948],"product_tag":[],"class_list":{"0":"post-3754","1":"product","2":"type-product","3":"status-publish","4":"has-post-thumbnail","6":"product_cat-cetaphil","8":"first","9":"instock","10":"taxable","11":"shipping-taxable","12":"product-type-simple"},"_links":{"self":[{"href":"http:\/\/www.yespara.tn\/index.php?rest_route=\/wp\/v2\/product\/3754","targetHints":{"allow":["GET"]}}],"collection":[{"href":"http:\/\/www.yespara.tn\/index.php?rest_route=\/wp\/v2\/product"}],"about":[{"href":"http:\/\/www.yespara.tn\/index.php?rest_route=\/wp\/v2\/types\/product"}],"replies":[{"embeddable":true,"href":"http:\/\/www.yespara.tn\/index.php?rest_route=%2Fwp%2Fv2%2Fcomments&post=3754"}],"wp:featuredmedia":[{"embeddable":true,"href":"http:\/\/www.yespara.tn\/index.php?rest_route=\/wp\/v2\/media\/3753"}],"wp:attachment":[{"href":"http:\/\/www.yespara.tn\/index.php?rest_route=%2Fwp%2Fv2%2Fmedia&parent=3754"}],"wp:term":[{"taxonomy":"product_brand","embeddable":true,"href":"http:\/\/www.yespara.tn\/index.php?rest_route=%2Fwp%2Fv2%2Fproduct_brand&post=3754"},{"taxonomy":"product_cat","embeddable":true,"href":"http:\/\/www.yespara.tn\/index.php?rest_route=%2Fwp%2Fv2%2Fproduct_cat&post=3754"},{"taxonomy":"product_tag","embeddable":true,"href":"http:\/\/www.yespara.tn\/index.php?rest_route=%2Fwp%2Fv2%2Fproduct_tag&post=3754"}],"curies":[{"name":"wp","href":"https:\/\/api.w.org\/{rel}","templated":true}]}}