{"id":3748,"date":"2026-02-28T11:17:24","date_gmt":"2026-02-28T10:17:24","guid":{"rendered":"http:\/\/198.46.190.232\/mypara\/?product=herbeos-fluide-clarifiant-eclat-a-la-vitamine-c-hydratant-eclaircissa"},"modified":"2026-03-31T18:27:44","modified_gmt":"2026-03-31T17:27:44","slug":"herbeos-fluide-clarifiant-eclat-a-la-vitamine-c-hydratant-eclaircissa","status":"publish","type":"product","link":"http:\/\/www.yespara.tn\/?product=herbeos-fluide-clarifiant-eclat-a-la-vitamine-c-hydratant-eclaircissa","title":{"rendered":"herb\u00e9os fluide clarifiant \u00e9clat a la vitamine c hydratant eclaircissa"},"content":{"rendered":"","protected":false},"excerpt":{"rendered":"<p>HERB\u00c9OS\u2122 | Fluide Clarifiant \u00c9clat \u00e0 la Vitamine C Hydratant Eclaircissant 40 ml<\/p>\n","protected":false},"featured_media":3747,"comment_status":"open","ping_status":"closed","template":"","meta":[],"product_brand":[],"product_cat":[2944],"product_tag":[],"class_list":{"0":"post-3748","1":"product","2":"type-product","3":"status-publish","4":"has-post-thumbnail","6":"product_cat-herbeos","8":"first","9":"instock","10":"taxable","11":"shipping-taxable","12":"purchasable","13":"product-type-simple"},"_links":{"self":[{"href":"http:\/\/www.yespara.tn\/index.php?rest_route=\/wp\/v2\/product\/3748","targetHints":{"allow":["GET"]}}],"collection":[{"href":"http:\/\/www.yespara.tn\/index.php?rest_route=\/wp\/v2\/product"}],"about":[{"href":"http:\/\/www.yespara.tn\/index.php?rest_route=\/wp\/v2\/types\/product"}],"replies":[{"embeddable":true,"href":"http:\/\/www.yespara.tn\/index.php?rest_route=%2Fwp%2Fv2%2Fcomments&post=3748"}],"wp:featuredmedia":[{"embeddable":true,"href":"http:\/\/www.yespara.tn\/index.php?rest_route=\/wp\/v2\/media\/3747"}],"wp:attachment":[{"href":"http:\/\/www.yespara.tn\/index.php?rest_route=%2Fwp%2Fv2%2Fmedia&parent=3748"}],"wp:term":[{"taxonomy":"product_brand","embeddable":true,"href":"http:\/\/www.yespara.tn\/index.php?rest_route=%2Fwp%2Fv2%2Fproduct_brand&post=3748"},{"taxonomy":"product_cat","embeddable":true,"href":"http:\/\/www.yespara.tn\/index.php?rest_route=%2Fwp%2Fv2%2Fproduct_cat&post=3748"},{"taxonomy":"product_tag","embeddable":true,"href":"http:\/\/www.yespara.tn\/index.php?rest_route=%2Fwp%2Fv2%2Fproduct_tag&post=3748"}],"curies":[{"name":"wp","href":"https:\/\/api.w.org\/{rel}","templated":true}]}}