{"id":3716,"date":"2026-02-28T11:16:58","date_gmt":"2026-02-28T10:16:58","guid":{"rendered":"http:\/\/198.46.190.232\/mypara\/?product=daylong-creme-gel-legere-sensitive-spf50-100-ml"},"modified":"2026-03-31T18:27:46","modified_gmt":"2026-03-31T17:27:46","slug":"daylong-creme-gel-legere-sensitive-spf50-100-ml","status":"publish","type":"product","link":"http:\/\/www.yespara.tn\/?product=daylong-creme-gel-legere-sensitive-spf50-100-ml","title":{"rendered":"Daylong Cr\u00e8me Gel L\u00e9g\u00e8re Sensitive Spf50+ 100 Ml"},"content":{"rendered":"","protected":false},"excerpt":{"rendered":"<p>Peaux tr\u00e8s claires (phototypes I et II) Peaux tr\u00e8s sensibles Peaux allergiques au soleil Peaux grasses ou \u00e0 tendance acn\u00e9ique Pr\u00e9vention des taches de pigmentation (grossesse, photosensibilisation) Cicatrices et post laser Visage et corps<\/p>\n","protected":false},"featured_media":3715,"comment_status":"open","ping_status":"closed","template":"","meta":[],"product_brand":[],"product_cat":[2922],"product_tag":[],"class_list":{"0":"post-3716","1":"product","2":"type-product","3":"status-publish","4":"has-post-thumbnail","6":"product_cat-daylong","8":"first","9":"instock","10":"sale","11":"taxable","12":"shipping-taxable","13":"purchasable","14":"product-type-simple"},"_links":{"self":[{"href":"http:\/\/www.yespara.tn\/index.php?rest_route=\/wp\/v2\/product\/3716","targetHints":{"allow":["GET"]}}],"collection":[{"href":"http:\/\/www.yespara.tn\/index.php?rest_route=\/wp\/v2\/product"}],"about":[{"href":"http:\/\/www.yespara.tn\/index.php?rest_route=\/wp\/v2\/types\/product"}],"replies":[{"embeddable":true,"href":"http:\/\/www.yespara.tn\/index.php?rest_route=%2Fwp%2Fv2%2Fcomments&post=3716"}],"wp:featuredmedia":[{"embeddable":true,"href":"http:\/\/www.yespara.tn\/index.php?rest_route=\/wp\/v2\/media\/3715"}],"wp:attachment":[{"href":"http:\/\/www.yespara.tn\/index.php?rest_route=%2Fwp%2Fv2%2Fmedia&parent=3716"}],"wp:term":[{"taxonomy":"product_brand","embeddable":true,"href":"http:\/\/www.yespara.tn\/index.php?rest_route=%2Fwp%2Fv2%2Fproduct_brand&post=3716"},{"taxonomy":"product_cat","embeddable":true,"href":"http:\/\/www.yespara.tn\/index.php?rest_route=%2Fwp%2Fv2%2Fproduct_cat&post=3716"},{"taxonomy":"product_tag","embeddable":true,"href":"http:\/\/www.yespara.tn\/index.php?rest_route=%2Fwp%2Fv2%2Fproduct_tag&post=3716"}],"curies":[{"name":"wp","href":"https:\/\/api.w.org\/{rel}","templated":true}]}}