{"id":3712,"date":"2026-02-28T11:16:56","date_gmt":"2026-02-28T10:16:56","guid":{"rendered":"http:\/\/198.46.190.232\/mypara\/?product=roge-cavailles-dermo-uht-creme-lavante-surgras-500-ml"},"modified":"2026-03-31T18:27:46","modified_gmt":"2026-03-31T17:27:46","slug":"roge-cavailles-dermo-uht-creme-lavante-surgras-500-ml","status":"publish","type":"product","link":"http:\/\/www.yespara.tn\/?product=roge-cavailles-dermo-uht-creme-lavante-surgras-500-ml","title":{"rendered":"Rog\u00e9 Cavaill\u00e8s Dermo UHT Cr\u00e8me Lavante Surgras 500 ml"},"content":{"rendered":"","protected":false},"excerpt":{"rendered":"<p>Le Rog\u00e9 Cavaill\u00e8s Dermo UHT Cr\u00e8me Lavante Surgras 500 ml est une cr\u00e8me lavante ultra-hydratante , sp\u00e9cialement formul\u00e9e pour les peaux tr\u00e8s s\u00e8ches et atopiques. Gr\u00e2ce \u00e0 son complexe Dermo-U.H.T. et au Beurre d\u2019Illip\u00e9 riche en acides gras naturels, cette cr\u00e8me fond d\u00e9licatement sur la peau pour une hydratation imm\u00e9diate et durable, tout en prot\u00e9geant efficacement contre le dess\u00e8chement cutan\u00e9. D\u00e9velopp\u00e9e avec des dermatologues, elle assure une peau nourrie et confortable au quotidien.<\/p>\n","protected":false},"featured_media":3711,"comment_status":"open","ping_status":"closed","template":"","meta":[],"product_brand":[],"product_cat":[2128,2919],"product_tag":[],"class_list":{"0":"post-3712","1":"product","2":"type-product","3":"status-publish","4":"has-post-thumbnail","6":"product_cat-demaquillants","7":"product_cat-roge-cavailles-soins-visage-gels-nettoyants","9":"first","10":"instock","11":"taxable","12":"shipping-taxable","13":"purchasable","14":"product-type-simple"},"_links":{"self":[{"href":"http:\/\/www.yespara.tn\/index.php?rest_route=\/wp\/v2\/product\/3712","targetHints":{"allow":["GET"]}}],"collection":[{"href":"http:\/\/www.yespara.tn\/index.php?rest_route=\/wp\/v2\/product"}],"about":[{"href":"http:\/\/www.yespara.tn\/index.php?rest_route=\/wp\/v2\/types\/product"}],"replies":[{"embeddable":true,"href":"http:\/\/www.yespara.tn\/index.php?rest_route=%2Fwp%2Fv2%2Fcomments&post=3712"}],"wp:featuredmedia":[{"embeddable":true,"href":"http:\/\/www.yespara.tn\/index.php?rest_route=\/wp\/v2\/media\/3711"}],"wp:attachment":[{"href":"http:\/\/www.yespara.tn\/index.php?rest_route=%2Fwp%2Fv2%2Fmedia&parent=3712"}],"wp:term":[{"taxonomy":"product_brand","embeddable":true,"href":"http:\/\/www.yespara.tn\/index.php?rest_route=%2Fwp%2Fv2%2Fproduct_brand&post=3712"},{"taxonomy":"product_cat","embeddable":true,"href":"http:\/\/www.yespara.tn\/index.php?rest_route=%2Fwp%2Fv2%2Fproduct_cat&post=3712"},{"taxonomy":"product_tag","embeddable":true,"href":"http:\/\/www.yespara.tn\/index.php?rest_route=%2Fwp%2Fv2%2Fproduct_tag&post=3712"}],"curies":[{"name":"wp","href":"https:\/\/api.w.org\/{rel}","templated":true}]}}