{"id":3710,"date":"2026-02-28T11:16:54","date_gmt":"2026-02-28T10:16:54","guid":{"rendered":"http:\/\/198.46.190.232\/mypara\/?product=laino-soin-des-levres-fragilisees-gout-fraise-4g"},"modified":"2026-03-31T18:27:46","modified_gmt":"2026-03-31T17:27:46","slug":"laino-soin-des-levres-fragilisees-gout-fraise-4g","status":"publish","type":"product","link":"http:\/\/www.yespara.tn\/?product=laino-soin-des-levres-fragilisees-gout-fraise-4g","title":{"rendered":"laino soin des levres fragilisees gout fraise 4g"},"content":{"rendered":"","protected":false},"excerpt":{"rendered":"<p>Ce stick r\u00e9parateur et nourrissant Laino parfum\u00e9 \u00e0 la fraise est le soin indispensable pour des l\u00e8vres irr\u00e9sistibles tout l\u2019ann\u00e9e. Contenance: 4g<\/p>\n","protected":false},"featured_media":3709,"comment_status":"open","ping_status":"closed","template":"","meta":[],"product_brand":[],"product_cat":[2918],"product_tag":[],"class_list":{"0":"post-3710","1":"product","2":"type-product","3":"status-publish","4":"has-post-thumbnail","6":"product_cat-laino-yeux-et-levres","8":"first","9":"instock","10":"taxable","11":"shipping-taxable","12":"purchasable","13":"product-type-simple"},"_links":{"self":[{"href":"http:\/\/www.yespara.tn\/index.php?rest_route=\/wp\/v2\/product\/3710","targetHints":{"allow":["GET"]}}],"collection":[{"href":"http:\/\/www.yespara.tn\/index.php?rest_route=\/wp\/v2\/product"}],"about":[{"href":"http:\/\/www.yespara.tn\/index.php?rest_route=\/wp\/v2\/types\/product"}],"replies":[{"embeddable":true,"href":"http:\/\/www.yespara.tn\/index.php?rest_route=%2Fwp%2Fv2%2Fcomments&post=3710"}],"wp:featuredmedia":[{"embeddable":true,"href":"http:\/\/www.yespara.tn\/index.php?rest_route=\/wp\/v2\/media\/3709"}],"wp:attachment":[{"href":"http:\/\/www.yespara.tn\/index.php?rest_route=%2Fwp%2Fv2%2Fmedia&parent=3710"}],"wp:term":[{"taxonomy":"product_brand","embeddable":true,"href":"http:\/\/www.yespara.tn\/index.php?rest_route=%2Fwp%2Fv2%2Fproduct_brand&post=3710"},{"taxonomy":"product_cat","embeddable":true,"href":"http:\/\/www.yespara.tn\/index.php?rest_route=%2Fwp%2Fv2%2Fproduct_cat&post=3710"},{"taxonomy":"product_tag","embeddable":true,"href":"http:\/\/www.yespara.tn\/index.php?rest_route=%2Fwp%2Fv2%2Fproduct_tag&post=3710"}],"curies":[{"name":"wp","href":"https:\/\/api.w.org\/{rel}","templated":true}]}}