{"id":3700,"date":"2026-02-28T11:16:47","date_gmt":"2026-02-28T10:16:47","guid":{"rendered":"http:\/\/198.46.190.232\/mypara\/?product=ducray-ictyane-hd-creme-emolliente-50ml"},"modified":"2026-03-31T18:27:46","modified_gmt":"2026-03-31T17:27:46","slug":"ducray-ictyane-hd-creme-emolliente-50ml","status":"publish","type":"product","link":"http:\/\/www.yespara.tn\/?product=ducray-ictyane-hd-creme-emolliente-50ml","title":{"rendered":"Ducray Ictyane HD Cr\u00e8me Emolliente 50ML"},"content":{"rendered":"","protected":false},"excerpt":{"rendered":"<p>DUCRAY ICTYANE HD CREME EMOLLIENTE est un soin destin\u00e9 aux peaux tr\u00e8s s\u00e8ches et irrit\u00e9es notamment induit par les traitements de l\u2019acn\u00e9.<\/p>\n","protected":false},"featured_media":3699,"comment_status":"open","ping_status":"closed","template":"","meta":[],"product_brand":[],"product_cat":[2911],"product_tag":[],"class_list":{"0":"post-3700","1":"product","2":"type-product","3":"status-publish","4":"has-post-thumbnail","6":"product_cat-ducray-soins-visage-peaux-sensibles","8":"first","9":"instock","10":"taxable","11":"shipping-taxable","12":"purchasable","13":"product-type-simple"},"_links":{"self":[{"href":"http:\/\/www.yespara.tn\/index.php?rest_route=\/wp\/v2\/product\/3700","targetHints":{"allow":["GET"]}}],"collection":[{"href":"http:\/\/www.yespara.tn\/index.php?rest_route=\/wp\/v2\/product"}],"about":[{"href":"http:\/\/www.yespara.tn\/index.php?rest_route=\/wp\/v2\/types\/product"}],"replies":[{"embeddable":true,"href":"http:\/\/www.yespara.tn\/index.php?rest_route=%2Fwp%2Fv2%2Fcomments&post=3700"}],"wp:featuredmedia":[{"embeddable":true,"href":"http:\/\/www.yespara.tn\/index.php?rest_route=\/wp\/v2\/media\/3699"}],"wp:attachment":[{"href":"http:\/\/www.yespara.tn\/index.php?rest_route=%2Fwp%2Fv2%2Fmedia&parent=3700"}],"wp:term":[{"taxonomy":"product_brand","embeddable":true,"href":"http:\/\/www.yespara.tn\/index.php?rest_route=%2Fwp%2Fv2%2Fproduct_brand&post=3700"},{"taxonomy":"product_cat","embeddable":true,"href":"http:\/\/www.yespara.tn\/index.php?rest_route=%2Fwp%2Fv2%2Fproduct_cat&post=3700"},{"taxonomy":"product_tag","embeddable":true,"href":"http:\/\/www.yespara.tn\/index.php?rest_route=%2Fwp%2Fv2%2Fproduct_tag&post=3700"}],"curies":[{"name":"wp","href":"https:\/\/api.w.org\/{rel}","templated":true}]}}