{"id":3696,"date":"2026-02-28T11:16:44","date_gmt":"2026-02-28T10:16:44","guid":{"rendered":"http:\/\/198.46.190.232\/mypara\/?product=laino-soin-des-levres-fragilisees-gout-cerise-4g"},"modified":"2026-03-31T18:27:46","modified_gmt":"2026-03-31T17:27:46","slug":"laino-soin-des-levres-fragilisees-gout-cerise-4g","status":"publish","type":"product","link":"http:\/\/www.yespara.tn\/?product=laino-soin-des-levres-fragilisees-gout-cerise-4g","title":{"rendered":"laino soin des levres fragilisees gout cerise 4g"},"content":{"rendered":"","protected":false},"excerpt":{"rendered":"<p>Stick r\u00e9parateur et nourrissant Laino parfum\u00e9 \u00e0 la cerise, soin indispensable pour des l\u00e8vres irr\u00e9sistibles toute l\u2019ann\u00e9e.<\/p>\n","protected":false},"featured_media":3695,"comment_status":"open","ping_status":"closed","template":"","meta":[],"product_brand":[],"product_cat":[2909],"product_tag":[],"class_list":{"0":"post-3696","1":"product","2":"type-product","3":"status-publish","4":"has-post-thumbnail","6":"product_cat-laino-yeux-et-levres-sticks-baumes-levres-et-reparateurs-soins-visage-2","8":"first","9":"instock","10":"taxable","11":"shipping-taxable","12":"purchasable","13":"product-type-simple"},"_links":{"self":[{"href":"http:\/\/www.yespara.tn\/index.php?rest_route=\/wp\/v2\/product\/3696","targetHints":{"allow":["GET"]}}],"collection":[{"href":"http:\/\/www.yespara.tn\/index.php?rest_route=\/wp\/v2\/product"}],"about":[{"href":"http:\/\/www.yespara.tn\/index.php?rest_route=\/wp\/v2\/types\/product"}],"replies":[{"embeddable":true,"href":"http:\/\/www.yespara.tn\/index.php?rest_route=%2Fwp%2Fv2%2Fcomments&post=3696"}],"wp:featuredmedia":[{"embeddable":true,"href":"http:\/\/www.yespara.tn\/index.php?rest_route=\/wp\/v2\/media\/3695"}],"wp:attachment":[{"href":"http:\/\/www.yespara.tn\/index.php?rest_route=%2Fwp%2Fv2%2Fmedia&parent=3696"}],"wp:term":[{"taxonomy":"product_brand","embeddable":true,"href":"http:\/\/www.yespara.tn\/index.php?rest_route=%2Fwp%2Fv2%2Fproduct_brand&post=3696"},{"taxonomy":"product_cat","embeddable":true,"href":"http:\/\/www.yespara.tn\/index.php?rest_route=%2Fwp%2Fv2%2Fproduct_cat&post=3696"},{"taxonomy":"product_tag","embeddable":true,"href":"http:\/\/www.yespara.tn\/index.php?rest_route=%2Fwp%2Fv2%2Fproduct_tag&post=3696"}],"curies":[{"name":"wp","href":"https:\/\/api.w.org\/{rel}","templated":true}]}}