{"id":3682,"date":"2026-02-28T11:16:31","date_gmt":"2026-02-28T10:16:31","guid":{"rendered":"http:\/\/198.46.190.232\/mypara\/?product=laino-contour-des-yeux-hydratant-15ml"},"modified":"2026-03-31T18:27:47","modified_gmt":"2026-03-31T17:27:47","slug":"laino-contour-des-yeux-hydratant-15ml","status":"publish","type":"product","link":"http:\/\/www.yespara.tn\/?product=laino-contour-des-yeux-hydratant-15ml","title":{"rendered":"laino contour des yeux hydratant 15ml"},"content":{"rendered":"","protected":false},"excerpt":{"rendered":"<p>un soin cibl\u00e9 pour la zone du contour des yeux et particuli\u00e8rement adapt\u00e9 en cas de peau sensible d\u00e9shydrat\u00e9e.<\/p>\n","protected":false},"featured_media":3681,"comment_status":"open","ping_status":"closed","template":"","meta":[],"product_brand":[],"product_cat":[2904],"product_tag":[],"class_list":{"0":"post-3682","1":"product","2":"type-product","3":"status-publish","4":"has-post-thumbnail","6":"product_cat-laino-yeux-et-levres-soins-visage-contour-des-yeux","8":"first","9":"instock","10":"taxable","11":"shipping-taxable","12":"purchasable","13":"product-type-simple"},"_links":{"self":[{"href":"http:\/\/www.yespara.tn\/index.php?rest_route=\/wp\/v2\/product\/3682","targetHints":{"allow":["GET"]}}],"collection":[{"href":"http:\/\/www.yespara.tn\/index.php?rest_route=\/wp\/v2\/product"}],"about":[{"href":"http:\/\/www.yespara.tn\/index.php?rest_route=\/wp\/v2\/types\/product"}],"replies":[{"embeddable":true,"href":"http:\/\/www.yespara.tn\/index.php?rest_route=%2Fwp%2Fv2%2Fcomments&post=3682"}],"wp:featuredmedia":[{"embeddable":true,"href":"http:\/\/www.yespara.tn\/index.php?rest_route=\/wp\/v2\/media\/3681"}],"wp:attachment":[{"href":"http:\/\/www.yespara.tn\/index.php?rest_route=%2Fwp%2Fv2%2Fmedia&parent=3682"}],"wp:term":[{"taxonomy":"product_brand","embeddable":true,"href":"http:\/\/www.yespara.tn\/index.php?rest_route=%2Fwp%2Fv2%2Fproduct_brand&post=3682"},{"taxonomy":"product_cat","embeddable":true,"href":"http:\/\/www.yespara.tn\/index.php?rest_route=%2Fwp%2Fv2%2Fproduct_cat&post=3682"},{"taxonomy":"product_tag","embeddable":true,"href":"http:\/\/www.yespara.tn\/index.php?rest_route=%2Fwp%2Fv2%2Fproduct_tag&post=3682"}],"curies":[{"name":"wp","href":"https:\/\/api.w.org\/{rel}","templated":true}]}}