{"id":3676,"date":"2026-02-28T11:16:27","date_gmt":"2026-02-28T10:16:27","guid":{"rendered":"http:\/\/198.46.190.232\/mypara\/?product=aderma-kit-hydratation-ps-cr-riche-eau-mic-%e2%80%9050"},"modified":"2026-03-31T18:27:47","modified_gmt":"2026-03-31T17:27:47","slug":"aderma-kit-hydratation-ps-cr-riche-eau-mic-%e2%80%9050","status":"publish","type":"product","link":"http:\/\/www.yespara.tn\/?product=aderma-kit-hydratation-ps-cr-riche-eau-mic-%e2%80%9050","title":{"rendered":"aderma kit hydratation ps cr riche + eau mic \u201050%"},"content":{"rendered":"","protected":false},"excerpt":{"rendered":"<p>A-dermaCr\u00e8me pour peau s\u00e8che,Eau micellaire,hydratants peaux s\u00e8ches<\/p>\n","protected":false},"featured_media":3675,"comment_status":"open","ping_status":"closed","template":"","meta":[],"product_brand":[],"product_cat":[2903,2128,2170],"product_tag":[],"class_list":{"0":"post-3676","1":"product","2":"type-product","3":"status-publish","4":"has-post-thumbnail","6":"product_cat-a-derma-soins-visage-soins-hydratants-et-nourrissants-peaux-seches-lotion","7":"product_cat-demaquillants","8":"product_cat-eau-tonique","10":"first","11":"instock","12":"taxable","13":"shipping-taxable","14":"purchasable","15":"product-type-simple"},"_links":{"self":[{"href":"http:\/\/www.yespara.tn\/index.php?rest_route=\/wp\/v2\/product\/3676","targetHints":{"allow":["GET"]}}],"collection":[{"href":"http:\/\/www.yespara.tn\/index.php?rest_route=\/wp\/v2\/product"}],"about":[{"href":"http:\/\/www.yespara.tn\/index.php?rest_route=\/wp\/v2\/types\/product"}],"replies":[{"embeddable":true,"href":"http:\/\/www.yespara.tn\/index.php?rest_route=%2Fwp%2Fv2%2Fcomments&post=3676"}],"wp:featuredmedia":[{"embeddable":true,"href":"http:\/\/www.yespara.tn\/index.php?rest_route=\/wp\/v2\/media\/3675"}],"wp:attachment":[{"href":"http:\/\/www.yespara.tn\/index.php?rest_route=%2Fwp%2Fv2%2Fmedia&parent=3676"}],"wp:term":[{"taxonomy":"product_brand","embeddable":true,"href":"http:\/\/www.yespara.tn\/index.php?rest_route=%2Fwp%2Fv2%2Fproduct_brand&post=3676"},{"taxonomy":"product_cat","embeddable":true,"href":"http:\/\/www.yespara.tn\/index.php?rest_route=%2Fwp%2Fv2%2Fproduct_cat&post=3676"},{"taxonomy":"product_tag","embeddable":true,"href":"http:\/\/www.yespara.tn\/index.php?rest_route=%2Fwp%2Fv2%2Fproduct_tag&post=3676"}],"curies":[{"name":"wp","href":"https:\/\/api.w.org\/{rel}","templated":true}]}}