{"id":3674,"date":"2026-02-28T11:16:26","date_gmt":"2026-02-28T10:16:26","guid":{"rendered":"http:\/\/198.46.190.232\/mypara\/?product=svr-sebiaclear-hydra-repar-apaisant-40ml"},"modified":"2026-03-31T18:27:47","modified_gmt":"2026-03-31T17:27:47","slug":"svr-sebiaclear-hydra-repar-apaisant-40ml","status":"publish","type":"product","link":"http:\/\/www.yespara.tn\/?product=svr-sebiaclear-hydra-repar-apaisant-40ml","title":{"rendered":"SVR SEBIACLEAR Hydra Repar. Apaisant 40ml"},"content":{"rendered":"","protected":false},"excerpt":{"rendered":"<p>SEBIACLEAR Hydra est le v\u00e9ritable alli\u00e9 des peaux fragilis\u00e9es par les traitements dess\u00e9chants. Plus qu\u2019un hydratant compensateur, il apaise les irritations li\u00e9es au dess\u00e8chement cutan\u00e9, r\u00e9pare la peau et combat aussi les imperfections et les marques r\u00e9siduelles rouges et brunes.<\/p>\n","protected":false},"featured_media":3673,"comment_status":"open","ping_status":"closed","template":"","meta":[],"product_brand":[],"product_cat":[2229],"product_tag":[],"class_list":{"0":"post-3674","1":"product","2":"type-product","3":"status-publish","4":"has-post-thumbnail","6":"product_cat-svr-soins-visage-2","8":"first","9":"instock","10":"taxable","11":"shipping-taxable","12":"purchasable","13":"product-type-simple"},"_links":{"self":[{"href":"http:\/\/www.yespara.tn\/index.php?rest_route=\/wp\/v2\/product\/3674","targetHints":{"allow":["GET"]}}],"collection":[{"href":"http:\/\/www.yespara.tn\/index.php?rest_route=\/wp\/v2\/product"}],"about":[{"href":"http:\/\/www.yespara.tn\/index.php?rest_route=\/wp\/v2\/types\/product"}],"replies":[{"embeddable":true,"href":"http:\/\/www.yespara.tn\/index.php?rest_route=%2Fwp%2Fv2%2Fcomments&post=3674"}],"wp:featuredmedia":[{"embeddable":true,"href":"http:\/\/www.yespara.tn\/index.php?rest_route=\/wp\/v2\/media\/3673"}],"wp:attachment":[{"href":"http:\/\/www.yespara.tn\/index.php?rest_route=%2Fwp%2Fv2%2Fmedia&parent=3674"}],"wp:term":[{"taxonomy":"product_brand","embeddable":true,"href":"http:\/\/www.yespara.tn\/index.php?rest_route=%2Fwp%2Fv2%2Fproduct_brand&post=3674"},{"taxonomy":"product_cat","embeddable":true,"href":"http:\/\/www.yespara.tn\/index.php?rest_route=%2Fwp%2Fv2%2Fproduct_cat&post=3674"},{"taxonomy":"product_tag","embeddable":true,"href":"http:\/\/www.yespara.tn\/index.php?rest_route=%2Fwp%2Fv2%2Fproduct_tag&post=3674"}],"curies":[{"name":"wp","href":"https:\/\/api.w.org\/{rel}","templated":true}]}}