{"id":3668,"date":"2026-02-28T11:16:22","date_gmt":"2026-02-28T10:16:22","guid":{"rendered":"http:\/\/198.46.190.232\/mypara\/?product=filorga-global%e2%80%90repair-creme-nutri%e2%80%90jeunesses50ml"},"modified":"2026-03-31T18:27:48","modified_gmt":"2026-03-31T17:27:48","slug":"filorga-global%e2%80%90repair-creme-nutri%e2%80%90jeunesses50ml","status":"publish","type":"product","link":"http:\/\/www.yespara.tn\/?product=filorga-global%e2%80%90repair-creme-nutri%e2%80%90jeunesses50ml","title":{"rendered":"Filorga \u00a0global\u2010repair creme nutri\u2010jeunesses50ml"},"content":{"rendered":"","protected":false},"excerpt":{"rendered":"<p>Filorga GLOBAL-REPAIR Cr\u00e8me Nutri-Jeunesse Multi-Revitalisante 50 ml est un soin \u00e0 la formule concentr\u00e9e et \u00e0 l\u2019action globale intensive.<\/p>\n","protected":false},"featured_media":3667,"comment_status":"open","ping_status":"closed","template":"","meta":[],"product_brand":[],"product_cat":[2536],"product_tag":[],"class_list":{"0":"post-3668","1":"product","2":"type-product","3":"status-publish","4":"has-post-thumbnail","6":"product_cat-filorga-soins-visage-soins-anti-age-et-anti-rides-2","8":"first","9":"instock","10":"taxable","11":"shipping-taxable","12":"purchasable","13":"product-type-simple"},"_links":{"self":[{"href":"http:\/\/www.yespara.tn\/index.php?rest_route=\/wp\/v2\/product\/3668","targetHints":{"allow":["GET"]}}],"collection":[{"href":"http:\/\/www.yespara.tn\/index.php?rest_route=\/wp\/v2\/product"}],"about":[{"href":"http:\/\/www.yespara.tn\/index.php?rest_route=\/wp\/v2\/types\/product"}],"replies":[{"embeddable":true,"href":"http:\/\/www.yespara.tn\/index.php?rest_route=%2Fwp%2Fv2%2Fcomments&post=3668"}],"wp:featuredmedia":[{"embeddable":true,"href":"http:\/\/www.yespara.tn\/index.php?rest_route=\/wp\/v2\/media\/3667"}],"wp:attachment":[{"href":"http:\/\/www.yespara.tn\/index.php?rest_route=%2Fwp%2Fv2%2Fmedia&parent=3668"}],"wp:term":[{"taxonomy":"product_brand","embeddable":true,"href":"http:\/\/www.yespara.tn\/index.php?rest_route=%2Fwp%2Fv2%2Fproduct_brand&post=3668"},{"taxonomy":"product_cat","embeddable":true,"href":"http:\/\/www.yespara.tn\/index.php?rest_route=%2Fwp%2Fv2%2Fproduct_cat&post=3668"},{"taxonomy":"product_tag","embeddable":true,"href":"http:\/\/www.yespara.tn\/index.php?rest_route=%2Fwp%2Fv2%2Fproduct_tag&post=3668"}],"curies":[{"name":"wp","href":"https:\/\/api.w.org\/{rel}","templated":true}]}}