{"id":3662,"date":"2026-02-28T11:16:15","date_gmt":"2026-02-28T10:16:15","guid":{"rendered":"http:\/\/198.46.190.232\/mypara\/?product=svr-sebiaclear-active-teintee-40ml"},"modified":"2026-03-31T18:27:48","modified_gmt":"2026-03-31T17:27:48","slug":"svr-sebiaclear-active-teintee-40ml","status":"publish","type":"product","link":"http:\/\/www.yespara.tn\/?product=svr-sebiaclear-active-teintee-40ml","title":{"rendered":"svr sebiaclear active teintee 40ml"},"content":{"rendered":"","protected":false},"excerpt":{"rendered":"<p>R\u00e9duire les imperfections d\u00e8s 7 jours et offrir un teint unifi\u00e9 instantan\u00e9ment. Sa formule concentr\u00e9e permet d\u2019\u00e9liminer les boutons, points noirs et pores dilat\u00e9s en un temps record<\/p>\n","protected":false},"featured_media":3661,"comment_status":"open","ping_status":"closed","template":"","meta":[],"product_brand":[],"product_cat":[2140,2896],"product_tag":[],"class_list":{"0":"post-3662","1":"product","2":"type-product","3":"status-publish","4":"has-post-thumbnail","6":"product_cat-soins-peau-grasse","7":"product_cat-svr-soins-visage-mixte-et-acne","9":"first","10":"instock","11":"taxable","12":"shipping-taxable","13":"purchasable","14":"product-type-simple"},"_links":{"self":[{"href":"http:\/\/www.yespara.tn\/index.php?rest_route=\/wp\/v2\/product\/3662","targetHints":{"allow":["GET"]}}],"collection":[{"href":"http:\/\/www.yespara.tn\/index.php?rest_route=\/wp\/v2\/product"}],"about":[{"href":"http:\/\/www.yespara.tn\/index.php?rest_route=\/wp\/v2\/types\/product"}],"replies":[{"embeddable":true,"href":"http:\/\/www.yespara.tn\/index.php?rest_route=%2Fwp%2Fv2%2Fcomments&post=3662"}],"wp:featuredmedia":[{"embeddable":true,"href":"http:\/\/www.yespara.tn\/index.php?rest_route=\/wp\/v2\/media\/3661"}],"wp:attachment":[{"href":"http:\/\/www.yespara.tn\/index.php?rest_route=%2Fwp%2Fv2%2Fmedia&parent=3662"}],"wp:term":[{"taxonomy":"product_brand","embeddable":true,"href":"http:\/\/www.yespara.tn\/index.php?rest_route=%2Fwp%2Fv2%2Fproduct_brand&post=3662"},{"taxonomy":"product_cat","embeddable":true,"href":"http:\/\/www.yespara.tn\/index.php?rest_route=%2Fwp%2Fv2%2Fproduct_cat&post=3662"},{"taxonomy":"product_tag","embeddable":true,"href":"http:\/\/www.yespara.tn\/index.php?rest_route=%2Fwp%2Fv2%2Fproduct_tag&post=3662"}],"curies":[{"name":"wp","href":"https:\/\/api.w.org\/{rel}","templated":true}]}}